{"id":134,"date":"2022-06-24T15:06:43","date_gmt":"2022-06-24T13:06:43","guid":{"rendered":"http:\/\/stopzmianomklimatu.org.pl\/?page_id=134"},"modified":"2023-03-03T14:11:24","modified_gmt":"2023-03-03T13:11:24","slug":"szkolenia-webinaria-dla-nauczycieli","status":"publish","type":"page","link":"https:\/\/stopzmianomklimatu.org.pl\/index.php\/szkolenia-webinaria-dla-nauczycieli\/","title":{"rendered":"Szkolenia &#8211; webinaria dla nauczycieli"},"content":{"rendered":"<p>[et_pb_section fb_built=&#8221;1&#8243; _builder_version=&#8221;4.17.4&#8243; _module_preset=&#8221;default&#8221; global_colors_info=&#8221;{}&#8221;][et_pb_row column_structure=&#8221;1_4,3_4&#8243; _builder_version=&#8221;4.17.4&#8243; _module_preset=&#8221;default&#8221; global_colors_info=&#8221;{}&#8221;][et_pb_column type=&#8221;1_4&#8243; _builder_version=&#8221;4.17.4&#8243; _module_preset=&#8221;default&#8221; global_colors_info=&#8221;{}&#8221;][et_pb_image src=&#8221;https:\/\/stopzmianomklimatu.org.pl\/wp-content\/uploads\/2022\/09\/ikonka_webinary.png&#8221; title_text=&#8221;ikonka_webinary&#8221; _builder_version=&#8221;4.17.4&#8243; _module_preset=&#8221;default&#8221; global_colors_info=&#8221;{}&#8221;][\/et_pb_image][\/et_pb_column][et_pb_column type=&#8221;3_4&#8243; _builder_version=&#8221;4.17.4&#8243; _module_preset=&#8221;default&#8221; global_colors_info=&#8221;{}&#8221;][et_pb_text _builder_version=&#8221;4.17.4&#8243; _module_preset=&#8221;default&#8221; global_colors_info=&#8221;{}&#8221;]<\/p>\n<h1><span style=\"color: #007bb7;\">Szkolenia &#8211; webinary dla nauczycieli<br \/><\/span><\/h1>\n<h3><span style=\"color: #007bb7;\">Ochrona ekosystem\u00f3w &#8211; stop zmianom klimatu<\/span><\/h3>\n<p>Realizowane w ramach projektu <strong>webinary<\/strong> dotycz\u0105 zagadnie\u0144 zwi\u0105zanych ze zmianami klimatu, adaptacj\u0105 do zmian klimatu i roli ekosystem\u00f3w w stabilizacji klimatu oraz roli \u015bwiadczonych przez ekosystemy us\u0142ug.<\/p>\n<p>3 webinary dla 60 nauczycieli<br \/>3 tematy warsztat\u00f3w do nauki zdalnej, dost\u0119pnych po wcze\u015bniejszym zg\u0142oszeniu i zalogowaniu do portalu<br \/>nauczyciele organizuj\u0105 lekcj\u0119 dla co najmniej jednej grupy szkolnej lub przedszkolnej<\/p>\n<h3><span style=\"color: #007bb7;\">Tematy webinari\u00f3w:<\/span><\/h3>\n<p>1. Zmiany klimatu<br \/>2. Adaptacja do zmian klimatu<br \/>3. Us\u0142ugi ekosystemowe<\/p>\n<p>Czas trwania jednego webinaru &#8211; 3 godziny lekcyjne.<br \/>Do udzia\u0142u w webinarium nr 2 zostanie zaproszony przedstawiciel O\u015brodka edukacyjnego z Horten w Norwegii.<\/p>\n<h3><span style=\"color: #007bb7;\">Termin realizacji: stycze\u0144 2022 &#8211; lipiec 2023<\/span><\/h3>\n<p><span style=\"color: #007bb7;\"><\/span><\/p>\n<p>[\/et_pb_text][\/et_pb_column][\/et_pb_row][et_pb_row column_structure=&#8221;1_4,3_4&#8243; _builder_version=&#8221;4.17.4&#8243; _module_preset=&#8221;default&#8221; global_colors_info=&#8221;{}&#8221;][et_pb_column type=&#8221;1_4&#8243; _builder_version=&#8221;4.17.4&#8243; _module_preset=&#8221;default&#8221; global_colors_info=&#8221;{}&#8221;][et_pb_image src=&#8221;https:\/\/stopzmianomklimatu.org.pl\/wp-content\/uploads\/2023\/01\/WEB-3a.png&#8221; alt=&#8221;ocieplenie klimatu&#8221; title_text=&#8221;dymi\u0105ca fabryka&#8221; _builder_version=&#8221;4.18.0&#8243; _module_preset=&#8221;default&#8221; global_colors_info=&#8221;{}&#8221;][\/et_pb_image][et_pb_image src=&#8221;https:\/\/stopzmianomklimatu.org.pl\/wp-content\/uploads\/2023\/01\/WEB-3b.png&#8221; alt=&#8221;recykling&#8221; title_text=&#8221;fotowoltaika&#8221; _builder_version=&#8221;4.18.0&#8243; _module_preset=&#8221;default&#8221; global_colors_info=&#8221;{}&#8221;][\/et_pb_image][\/et_pb_column][et_pb_column type=&#8221;3_4&#8243; _builder_version=&#8221;4.17.4&#8243; _module_preset=&#8221;default&#8221; global_colors_info=&#8221;{}&#8221;][et_pb_text _builder_version=&#8221;4.18.0&#8243; _module_preset=&#8221;default&#8221; hover_enabled=&#8221;0&#8243; global_colors_info=&#8221;{}&#8221; sticky_enabled=&#8221;0&#8243;]<\/p>\n<h1><span style=\"color: #007bb7;\"><strong>Bezp\u0142atne webinarium pn. \u201eCzym s\u0105 zmiany klimatu?\u201d<br \/><\/strong><\/span><\/h1>\n<p>Stowarzyszenie \u201cTilia\u201d serdecznie zaprasza nauczycieli z wojew\u00f3dztwa kujawsko \u2013 pomorskiego, warmi\u0144sko-mazurskiego i wielkopolskiego do wzi\u0119cia udzia\u0142u w bezp\u0142atnym webinarium pn.\u00a0<strong>\u201eCzym s\u0105 zmiany klimatu?\u201d organizowanym 25 stycznia 2023r. (godz. 15.00-17.30) w ramach projektu pn. \u201eOchrona ekosystem\u00f3w-stop zmianom klimatu\u201d<\/strong>. G\u0142\u00f3wnym celem realizacji webinarium jest wsparcie nauczycieli w procesie dydaktycznym oraz przekazanie informacji nt.:<\/p>\n<ul>\n<li>zmiany klimatu &#8211; dzisiejsze skutki, przysz\u0142e zmiany klimatu co si\u0119 b\u0119dzie dzia\u0142o, tendencje i konsekwencje zmian klimatu dla ekosystem\u00f3w, rolnictwa, energetyki,<\/li>\n<li>prognozy i scenariusze zmian spowodowanych zmianami klimatycznymi,<\/li>\n<li>polityka adaptacji do zmian klimatu, zielona i niebieska infrastruktura \u2013 gotowe realizacje i plany, edukacja spo\u0142ecze\u0144stwa w zakresie spodziewanych zmian klimatycznych.<\/li>\n<\/ul>\n<p>Nauczyciele uczestnicz\u0105cy w webinariach otrzymaj\u0105: certyfikat uko\u0144czenia szkolenia, materia\u0142y edukacyjne w wersji on-line do wykorzystania w pracy z uczniami (prezentacje z filmami, kartami pracy oraz quizami). Nauczyciele chc\u0105cy wzi\u0105\u0107 udzia\u0142 w webinarium zobowi\u0105zani s\u0105 do uzupe\u0142nienia i przes\u0142ania formularza zg\u0142oszenia w wersji on-line.<\/p>\n<p><a href=\"https:\/\/docs.google.com\/forms\/d\/e\/1FAIpQLSf_0TQUpRCDWWq6iWNU5NCYTrZ_vmHMzb3dRvGQSp2QApfTpg\/viewform?usp=share_link\">Link do formularza<\/a><\/p>\n<p><a href=\"https:\/\/stopzmianomklimatu.org.pl\/wp-content\/uploads\/2023\/03\/zaproszenie-webinarium-czym-sa.pdf\" rel=\"attachment wp-att-487\">Szczeg\u00f3\u0142owe informacje (PDF)<\/a><\/p>\n<p>Informujemy, \u017ce liczba miejsc na webinaria jest ograniczona.<strong> Zg\u0142oszenia przyjmowane s\u0105 do 20 stycznia do godz. 16.00.<\/strong> Udzia\u0142 w webinariach zostanie potwierdzony przez pracownika Stowarzyszenia \u201eTilia\u201d. Osob\u0105 do kontaktu w sprawie webinarium jest specjalista ds. edukacji ekologicznej <strong>Wioletta Leszczy\u0144ska nr tel. 56 657 60 85, <a class=\"moz-txt-link-abbreviated\" href=\"mailto:w.leszczynska@szkola-lesna.torun.pl\">w.leszczynska@szkola-lesna.torun.pl<\/a>.<\/strong><\/p>\n<p>Webinarium pn. \u201eCzym s\u0105 zmiany klimatu?\u201d poprowadzi \u2013 <strong>dr hab. Marek Kejna, profesor uczelni na Uniwersytecie Miko\u0142aja Kopernika w Toruniu.<\/strong> Specjalizuje si\u0119 w klimatologii i meteorologii, uczestniczy\u0142 w wyprawach polarnych na Spitsbergen i na Antarktyd\u0119.<\/p>\n<p>&nbsp;<\/p>\n<p>&nbsp;<\/p>\n<p>[\/et_pb_text][\/et_pb_column][\/et_pb_row][et_pb_row column_structure=&#8221;1_4,3_4&#8243; _builder_version=&#8221;4.17.4&#8243; _module_preset=&#8221;default&#8221; global_colors_info=&#8221;{}&#8221;][et_pb_column type=&#8221;1_4&#8243; _builder_version=&#8221;4.17.4&#8243; _module_preset=&#8221;default&#8221; global_colors_info=&#8221;{}&#8221;][et_pb_image src=&#8221;https:\/\/stopzmianomklimatu.org.pl\/wp-content\/uploads\/2022\/11\/WEBINARIUM-22.png&#8221; alt=&#8221;ocieplenie klimatu&#8221; title_text=&#8221;WEBINARIUM 22&#8243; _builder_version=&#8221;4.18.0&#8243; _module_preset=&#8221;default&#8221; global_colors_info=&#8221;{}&#8221;][\/et_pb_image][et_pb_image src=&#8221;https:\/\/stopzmianomklimatu.org.pl\/wp-content\/uploads\/2022\/11\/WEBINARIUM-21.png&#8221; alt=&#8221;recykling&#8221; title_text=&#8221;WEBINARIUM 21&#8243; _builder_version=&#8221;4.18.0&#8243; _module_preset=&#8221;default&#8221; global_colors_info=&#8221;{}&#8221;][\/et_pb_image][\/et_pb_column][et_pb_column type=&#8221;3_4&#8243; _builder_version=&#8221;4.17.4&#8243; _module_preset=&#8221;default&#8221; global_colors_info=&#8221;{}&#8221;][et_pb_text _builder_version=&#8221;4.18.0&#8243; _module_preset=&#8221;default&#8221; hover_enabled=&#8221;0&#8243; global_colors_info=&#8221;{}&#8221; sticky_enabled=&#8221;0&#8243;]<\/p>\n<h1><span style=\"color: #007bb7;\"><strong>Bezp\u0142atne webinarium pn. \u201eJak przygotowujemy si\u0119 do zmian klimatu?\u201d<br \/><\/strong><\/span><\/h1>\n<p>Stowarzyszenie \u201cTilia\u201d serdecznie zaprasza nauczycieli z wojew\u00f3dztwa kujawsko \u2013 pomorskiego, warmi\u0144sko-mazurskiego i wielkopolskiego do wzi\u0119cia udzia\u0142u w bezp\u0142atnym webinarium pn. <strong>\u201eJak przygotowujemy si\u0119 do zmian klimatu?\u201d organizowanym w ramach projektu pn. \u201eOchrona ekosystem\u00f3w-stop zmianom klimatu\u201d organizowanym w dniu 7 grudnia 2022r. w godzinach 15.00-17.30. <\/strong>. G\u0142\u00f3wnym celem realizacji webinarium jest wsparcie nauczycieli w procesie dydaktycznym oraz przekazanie informacji nt.:<\/p>\n<ul>\n<li>polityka adaptacji do zmian klimatu \u2013 dokumenty krajowe i regionalne na przyk\u0142adzie Gminy Miasta Toru\u0144,<\/li>\n<li>zielona i niebieska infrastruktura \u2013 gotowe realizacje i plany,<\/li>\n<li>edukacja spo\u0142ecze\u0144stwa w zakresie spodziewanych zmian klimatycznych i mo\u017cliwo\u015bci ograniczania ich skutk\u00f3w (adaptacja i mitygacja).<\/li>\n<\/ul>\n<p>Nauczyciele uczestnicz\u0105cy w webinariach otrzymaj\u0105: certyfikat uko\u0144czenia szkolenia, materia\u0142y edukacyjne w wersji on-line do wykorzystania w pracy z uczniami (prezentacje z filmami, kartami pracy oraz quizami). Nauczyciele chc\u0105cy wzi\u0105\u0107 udzia\u0142 w webinarium zobowi\u0105zani s\u0105 do uzupe\u0142nienia i przes\u0142ania formularza zg\u0142oszenia w wersji on-line.<\/p>\n<p><a href=\"https:\/\/docs.google.com\/forms\/d\/e\/1FAIpQLSeFzYTIa1GwxPw0v_xbi5Zh16IouWupeVPn5KfteRvAOzrN9w\/viewform?usp=share_link\">Link do formularza<\/a><\/p>\n<p><a href=\"https:\/\/stopzmianomklimatu.org.pl\/wp-content\/uploads\/2023\/03\/zaproszenie-webinarium-Jak-przygotowujemy.pdf\" rel=\"attachment wp-att-472\">Szczeg\u00f3\u0142owe informacje (PDF).<\/a><\/p>\n<p>Informujemy, \u017ce liczba miejsc na webinaria jest ograniczona. Zg\u0142oszenia przyjmowane s\u0105 do 28 listopada do godz. 16.00. Udzia\u0142 w webinariach zostanie potwierdzony przez pracownika Stowarzyszenia \u201eTilia\u201d. Osob\u0105 do kontaktu w sprawie webinarium jest specjalista ds. edukacji ekologicznej <strong>Wioletta Leszczy\u0144ska nr tel. 56 657 60 85, <a class=\"moz-txt-link-abbreviated\" href=\"mailto:w.leszczynska@szkola-lesna.torun.pl\">w.leszczynska@szkola-lesna.torun.pl<\/a>.<\/strong><\/p>\n<p>Webinarium pn. \u201eJak przygotowujemy si\u0119 do zmian klimatu?\u201d poprowadzi <strong>Halina Pomianowska \u2013 dyrektor Wydzia\u0142u \u015arodowiska i Ekologii w Urz\u0119dzie Miasta w Toruniu<\/strong>, geolog powiatowy, przewodnicz\u0105ca zespo\u0142u monitoringu MPA dla miasta Torunia.<\/p>\n<p>&nbsp;<\/p>\n<p>&nbsp;<\/p>\n<p>[\/et_pb_text][\/et_pb_column][\/et_pb_row][et_pb_row column_structure=&#8221;1_4,3_4&#8243; _builder_version=&#8221;4.17.4&#8243; _module_preset=&#8221;default&#8221; global_colors_info=&#8221;{}&#8221;][et_pb_column type=&#8221;1_4&#8243; _builder_version=&#8221;4.17.4&#8243; _module_preset=&#8221;default&#8221; global_colors_info=&#8221;{}&#8221;][et_pb_image src=&#8221;https:\/\/stopzmianomklimatu.org.pl\/wp-content\/uploads\/2022\/11\/mokradla-ok-kopia1.png&#8221; title_text=&#8221;mokrad\u0142a webinar&#8221; _builder_version=&#8221;4.18.0&#8243; _module_preset=&#8221;default&#8221; global_colors_info=&#8221;{}&#8221;][\/et_pb_image][et_pb_image src=&#8221;https:\/\/stopzmianomklimatu.org.pl\/wp-content\/uploads\/2022\/11\/mokradla-ok-kopia2.png&#8221; title_text=&#8221;mokrad\u0142a webinar2&#8243; _builder_version=&#8221;4.18.0&#8243; _module_preset=&#8221;default&#8221; global_colors_info=&#8221;{}&#8221;][\/et_pb_image][\/et_pb_column][et_pb_column type=&#8221;3_4&#8243; _builder_version=&#8221;4.17.4&#8243; _module_preset=&#8221;default&#8221; global_colors_info=&#8221;{}&#8221;][et_pb_text _builder_version=&#8221;4.18.0&#8243; _module_preset=&#8221;default&#8221; hover_enabled=&#8221;0&#8243; global_colors_info=&#8221;{}&#8221; sticky_enabled=&#8221;0&#8243;]<\/p>\n<h1><span style=\"color: #007bb7;\"><strong>Bezp\u0142atne webinarium pn. \u201eMokrad\u0142a s\u0105 wa\u017cne. Co to s\u0105 us\u0142ugi ekosystemowe?\u201d<\/strong><\/span><\/h1>\n<p>Stowarzyszenie \u201cTilia\u201d zaprasza nauczycieli z wojew\u00f3dztwa kujawsko \u2013 pomorskiego, warmi\u0144sko-mazurskiego i wielkopolskiego do wzi\u0119cia udzia\u0142u w <strong>bezp\u0142atnym webinarium pn. \u201eMokrad\u0142a s\u0105 wa\u017cne. Co to s\u0105 us\u0142ugi ekosystemowe?\u201d organizowanym w dniu 24 listopada 2022r. w godzinach 14.00-16.30. <\/strong><\/p>\n<p>G\u0142\u00f3wnym celem realizacji webinarium jest wsparcie nauczycieli w procesie dydaktycznym oraz przekazanie informacji nt.:<\/p>\n<ul>\n<li>charakterystyka teren\u00f3w mokrade\u0142, form ochrony teren\u00f3w wodno-b\u0142otnych,<\/li>\n<li>koncepcje i zastosowanie poj\u0119cia us\u0142ugi ekosystemowe w kontek\u015bcie mokrade\u0142,<\/li>\n<li>rola ekosystem\u00f3w w regulacji zmian klimatu,<\/li>\n<li>ekosystemy mokrade\u0142 szans\u0105 na spowolnienie zmian klimatu.<\/li>\n<\/ul>\n<p>Nauczyciele uczestnicz\u0105cy w webinariach otrzymaj\u0105: certyfikat uko\u0144czenia szkolenia, materia\u0142y edukacyjne w wersji on-line do wykorzystania w pracy z uczniami (prezentacje z filmami, kartami pracy oraz quizami). \u00a0Nauczyciele chc\u0105cy wzi\u0105\u0107 udzia\u0142 w webinariach zobowi\u0105zani s\u0105 do uzupe\u0142nienia i przes\u0142ania formularza zg\u0142oszenia w wersji on-line.<\/p>\n<p><a href=\"https:\/\/docs.google.com\/forms\/d\/e\/1FAIpQLSeVcdUgTbgomt2V3eO7aHFWhmKZMQUbcx2tJMD80waaULlNHw\/viewform?usp=sharing\">Link do formularza<\/a><\/p>\n<p><a href=\"https:\/\/stopzmianomklimatu.org.pl\/wp-content\/uploads\/2023\/03\/zaproszenie-webinarium-Mokradla.pdf\" rel=\"attachment wp-att-472\">Szczeg\u00f3\u0142owe informacje (PDF).<\/a><\/p>\n<p>Informujemy, \u017ce liczba miejsc na webinaria jest ograniczona. <strong>Zg\u0142oszenia przyjmowane s\u0105 do 17 listopada do godz. 16.00.<\/strong> Udzia\u0142 w webinariach zostanie potwierdzony przez pracownika Stowarzyszenia \u201eTilia\u201d. <strong>Osob\u0105 do kontaktu w sprawie webinarium jest specjalista ds. edukacji ekologicznej Wioletta Leszczy\u0144ska nr tel. 56\u00a0657 60 85, <a href=\"mailto:w.leszczynska@szkola-lesna.torun.pl\">w.leszczynska@szkola-lesna.torun.pl<\/a>.<\/strong><\/p>\n<p>Webinarium pn. \u201eMokrad\u0142a s\u0105 wa\u017cne. Co to s\u0105 us\u0142ugi ekosystemowe\u201d poprowadzi:<\/p>\n<ul>\n<li><strong>Wiktor Kotowski,<\/strong> biolog, doktor habilitowany nauk biologicznych, profesor Uniwersytetu Warszawskiego, specjalista w zakresie ekologii ro\u015blin i ochrony przyrody, prowadzi badania nad stabilno\u015bci\u0105 i odporno\u015bci\u0105 torfowisk niskich na zmiany klimatu (projekt MIRACLE), uwarunkowaniami proces\u00f3w torfotw\u00f3rczych i mo\u017cliwo\u015bciami ich odtwarzania w kontek\u015bcie mitygacji ocieplenia klimatu (projekt RePeat), a tak\u017ce rol\u0105 mokrade\u0142 nadrzecznych w oczyszczaniu w\u00f3d i zapobieganiu eutrofizacji rzek w zlewniach rolniczych (projekt CLEARANCE).<\/li>\n<\/ul>\n<p>&nbsp;<\/p>\n<p>[\/et_pb_text][\/et_pb_column][\/et_pb_row][\/et_pb_section]<\/p>\n","protected":false},"excerpt":{"rendered":"<p>Szkolenia &#8211; webinary dla nauczycieli Ochrona ekosystem\u00f3w &#8211; stop zmianom klimatu Realizowane w ramach projektu webinary dotycz\u0105 zagadnie\u0144 zwi\u0105zanych ze zmianami klimatu, adaptacj\u0105 do zmian klimatu i roli ekosystem\u00f3w w stabilizacji klimatu oraz roli \u015bwiadczonych przez ekosystemy us\u0142ug. 3 webinary dla 60 nauczycieli3 tematy warsztat\u00f3w do nauki zdalnej, dost\u0119pnych po wcze\u015bniejszym zg\u0142oszeniu i zalogowaniu do [&hellip;]<\/p>\n","protected":false},"author":3,"featured_media":0,"parent":0,"menu_order":0,"comment_status":"closed","ping_status":"closed","template":"","meta":{"_et_pb_use_builder":"on","_et_pb_old_content":"","_et_gb_content_width":"","inline_featured_image":false,"footnotes":""},"class_list":["post-134","page","type-page","status-publish","hentry"],"_links":{"self":[{"href":"https:\/\/stopzmianomklimatu.org.pl\/index.php\/wp-json\/wp\/v2\/pages\/134","targetHints":{"allow":["GET"]}}],"collection":[{"href":"https:\/\/stopzmianomklimatu.org.pl\/index.php\/wp-json\/wp\/v2\/pages"}],"about":[{"href":"https:\/\/stopzmianomklimatu.org.pl\/index.php\/wp-json\/wp\/v2\/types\/page"}],"author":[{"embeddable":true,"href":"https:\/\/stopzmianomklimatu.org.pl\/index.php\/wp-json\/wp\/v2\/users\/3"}],"replies":[{"embeddable":true,"href":"https:\/\/stopzmianomklimatu.org.pl\/index.php\/wp-json\/wp\/v2\/comments?post=134"}],"version-history":[{"count":15,"href":"https:\/\/stopzmianomklimatu.org.pl\/index.php\/wp-json\/wp\/v2\/pages\/134\/revisions"}],"predecessor-version":[{"id":616,"href":"https:\/\/stopzmianomklimatu.org.pl\/index.php\/wp-json\/wp\/v2\/pages\/134\/revisions\/616"}],"wp:attachment":[{"href":"https:\/\/stopzmianomklimatu.org.pl\/index.php\/wp-json\/wp\/v2\/media?parent=134"}],"curies":[{"name":"wp","href":"https:\/\/api.w.org\/{rel}","templated":true}]}}