{"id":140,"date":"2022-06-24T15:07:51","date_gmt":"2022-06-24T13:07:51","guid":{"rendered":"http:\/\/stopzmianomklimatu.org.pl\/?page_id=140"},"modified":"2023-08-18T13:15:08","modified_gmt":"2023-08-18T11:15:08","slug":"konkursy","status":"publish","type":"page","link":"https:\/\/stopzmianomklimatu.org.pl\/index.php\/konkursy\/","title":{"rendered":"Konkursy"},"content":{"rendered":"<p>[et_pb_section fb_built=&#8221;1&#8243; _builder_version=&#8221;4.17.4&#8243; _module_preset=&#8221;default&#8221; custom_padding=&#8221;1px|||||&#8221; global_colors_info=&#8221;{}&#8221;][et_pb_row column_structure=&#8221;1_4,3_4&#8243; _builder_version=&#8221;4.17.4&#8243; _module_preset=&#8221;default&#8221; min_height=&#8221;264.4px&#8221; custom_padding=&#8221;||4px|||&#8221; global_colors_info=&#8221;{}&#8221;][et_pb_column type=&#8221;1_4&#8243; _builder_version=&#8221;4.17.4&#8243; _module_preset=&#8221;default&#8221; global_colors_info=&#8221;{}&#8221;][et_pb_image src=&#8221;https:\/\/stopzmianomklimatu.org.pl\/wp-content\/uploads\/2022\/09\/ikonka_konkursy.png&#8221; title_text=&#8221;ikonka_konkursy&#8221; _builder_version=&#8221;4.17.4&#8243; _module_preset=&#8221;default&#8221; global_colors_info=&#8221;{}&#8221;][\/et_pb_image][\/et_pb_column][et_pb_column type=&#8221;3_4&#8243; _builder_version=&#8221;4.17.4&#8243; _module_preset=&#8221;default&#8221; global_colors_info=&#8221;{}&#8221;][et_pb_text _builder_version=&#8221;4.17.4&#8243; _module_preset=&#8221;default&#8221; global_colors_info=&#8221;{}&#8221;]<\/p>\n<h2><a href=\"#k1\"><span style=\"color: #007bb7;\"><strong>1. KONKURS internetowy dla dzieci i m\u0142odzie\u017cy szkolnej <span style=\"color: #ff9900;\">&#8211; STOP ZMIANOM KLIMATU!<\/span><\/strong><\/span><\/a><\/h2>\n<h2><a href=\"#k2\"><span style=\"color: #007bb7;\"><strong>2. KONKURS na komiks &#8222;Mokrad\u0142a s\u0105 wa\u017cne!&#8221; <span style=\"color: #ff9900;\">Ochrona ekosystem\u00f3w &#8211; stop zmianom klimatu<\/span><\/strong><\/span><\/a><\/h2>\n<p>[\/et_pb_text][\/et_pb_column][\/et_pb_row][et_pb_row column_structure=&#8221;1_4,3_4&#8243; module_id=&#8221;k1&#8243; _builder_version=&#8221;4.17.4&#8243; _module_preset=&#8221;default&#8221; min_height=&#8221;688.5px&#8221; global_colors_info=&#8221;{}&#8221;][et_pb_column type=&#8221;1_4&#8243; _builder_version=&#8221;4.17.4&#8243; _module_preset=&#8221;default&#8221; global_colors_info=&#8221;{}&#8221;][et_pb_image src=&#8221;https:\/\/stopzmianomklimatu.org.pl\/wp-content\/uploads\/2023\/03\/Projekt-zarzadzany-przez.jpg&#8221; title_text=&#8221;Projekt zarz\u0105dzany przez&#8221; _builder_version=&#8221;4.18.0&#8243; _module_preset=&#8221;default&#8221; global_colors_info=&#8221;{}&#8221;][\/et_pb_image][\/et_pb_column][et_pb_column type=&#8221;3_4&#8243; _builder_version=&#8221;4.17.4&#8243; _module_preset=&#8221;default&#8221; global_colors_info=&#8221;{}&#8221;][et_pb_text _builder_version=&#8221;4.18.0&#8243; _module_preset=&#8221;default&#8221; min_height=&#8221;513.5px&#8221; custom_padding=&#8221;||0px|||&#8221; global_colors_info=&#8221;{}&#8221;]<\/p>\n<h3><span style=\"color: #007bb7;\"><strong>KONKURS internetowy dla dzieci i m\u0142odzie\u017cy szkolnej &#8211; STOP ZMIANOM KLIMATU!<\/strong><\/span><\/h3>\n<p>Konkurs przeznaczony jest <strong>dla dzieci i m\u0142odzie\u017cy szkolnej<\/strong> z terenu ca\u0142ej Polski.<\/p>\n<p><strong>Celem<\/strong> konkursu jest zach\u0119cenie do zdobywania wiedzy w zakresie zmian klimatu, zach\u0119cenie do zdobywania wiedzy na temat korzy\u015bci w stabilizacji klimatu poprzez zr\u00f3wnowa\u017cone gospodarowanie ekosystemami, zwr\u00f3cenie uwagi na wp\u0142yw cz\u0142owieka na zmiany klimatyczne na \u015bwiecie, poznanie i zaanga\u017cowanie w dzia\u0142ania zwi\u0105zane z ochron\u0105 klimatu.<\/p>\n<p>Konkurs polega na prawid\u0142owym rozwi\u0105zaniu testu jednokrotnego wyboru. sk\u0142adaj\u0105cego si\u0119 z 5 pyta\u0144 dla najm\u0142odszej grupy wiekowej do 12 pyta\u0144 dla najstarszej grupy wiekowej.<\/p>\n<p><strong>Podzia\u0142 na grupy wiekowe:<\/strong><\/p>\n<ul>\n<li><span>Podzia\u0142 na grupy wiekowe \u2013 kliknij, aby przej\u015b\u0107 do konkursu:<\/span>\n<ul>\n<li>klasy I-III szko\u0142y podstawowej (<a href=\"https:\/\/forms.gle\/1EsBAFapxKSJHjP6A\" target=\"_blank\" rel=\"noopener\">link<\/a>)<\/li>\n<li>klasy IV-VI szko\u0142y podstawowej (<a href=\"https:\/\/forms.gle\/4XdKCy4yerERXeoG7\" target=\"_blank\" rel=\"noopener\">link<\/a>)<\/li>\n<li>klasy VII-VIII szko\u0142y podstawowej (<a href=\"https:\/\/forms.gle\/UweaRk9XSjRznfd9A\" target=\"_blank\" rel=\"noopener\">link<\/a>)<\/li>\n<li>szko\u0142y ponadpodstawowe (<a href=\"https:\/\/forms.gle\/tD9nynRm2EBd4FCb6\" target=\"_blank\" rel=\"noopener\">link<\/a>)<\/li>\n<\/ul>\n<\/li>\n<\/ul>\n<p>W\u015br\u00f3d uczestnik\u00f3w, kt\u00f3rzy prawid\u0142owo rozwi\u0105\u017c\u0105 test, co miesi\u0105c zostanie rozlosowanych 5 nagr\u00f3d rzeczowych o takiej samej warto\u015bci: dyski pami\u0119ci, ksi\u0105\u017cki, zestawy plastyczne. Nagrody b\u0119d\u0105 wysy\u0142ane poczt\u0105.<\/p>\n<p>Termin: konkurs b\u0119dzie przeprowadzany osiem razy, w miesi\u0105cach od maja do pa\u017adziernika 2022 roku oraz w dw\u00f3ch miesi\u0105cach w 2023 roku.<\/p>\n<p>Informacja o konkursie do pobrania (<a href=\"http:\/\/szkola-lesna.torun.pl\/fileadmin\/2023\/konkurs_internetowy\/konkurs_internetowy_informacja_04.23.pdf\">link<\/a>)<br \/>Plakat konkursowy <a href=\"http:\/\/szkola-lesna.torun.pl\/fileadmin\/2023\/konkurs_internetowy\/Konkurs_o_klimacie_plakat_kwiecien_23.pdf\">(link<\/a>)<br \/>Regulamin konkursu internetowego (<a href=\"https:\/\/stopzmianomklimatu.org.pl\/wp-content\/uploads\/2023\/03\/Regulamin-konkursu-internetowego.pdf\">link)<\/a><br \/>Informacja o przetwarzaniu danych osobowych (<a href=\"https:\/\/stopzmianomklimatu.org.pl\/wp-content\/uploads\/2023\/03\/Informacja-o-przetwarzaniu-danych-osobowych.pdf\" target=\"_blank\" rel=\"noopener\">link<\/a>)<\/p>\n<p>[\/et_pb_text][\/et_pb_column][\/et_pb_row][et_pb_row column_structure=&#8221;1_4,3_4&#8243; module_id=&#8221;k2&#8243; _builder_version=&#8221;4.17.4&#8243; _module_preset=&#8221;default&#8221; custom_padding=&#8221;11px|||||&#8221; global_colors_info=&#8221;{}&#8221;][et_pb_column type=&#8221;1_4&#8243; _builder_version=&#8221;4.17.4&#8243; _module_preset=&#8221;default&#8221; global_colors_info=&#8221;{}&#8221;][et_pb_image src=&#8221;https:\/\/stopzmianomklimatu.org.pl\/wp-content\/uploads\/2023\/03\/Bez-tytulu.jpg&#8221; title_text=&#8221;Bez tytu\u0142u&#8221; _builder_version=&#8221;4.18.0&#8243; _module_preset=&#8221;default&#8221; global_colors_info=&#8221;{}&#8221;][\/et_pb_image][\/et_pb_column][et_pb_column type=&#8221;3_4&#8243; _builder_version=&#8221;4.17.4&#8243; _module_preset=&#8221;default&#8221; global_colors_info=&#8221;{}&#8221;][et_pb_text _builder_version=&#8221;4.21.0&#8243; _module_preset=&#8221;default&#8221; global_colors_info=&#8221;{}&#8221;]<\/p>\n<h3><span style=\"color: #007bb7;\"><strong>KONKURS na komiks &#8222;Mokrad\u0142a s\u0105 wa\u017cne!&#8221; Ochrona ekosystem\u00f3w &#8211; stop zmianom klimatu<\/strong><\/span><\/h3>\n<p>Stowarzyszenie \u201cTilia\u201d serdecznie zaprasza nauczycieli z wojew\u00f3dztwa kujawsko \u2013 pomorskiego, warmi\u0144sko-mazurskiego i wielkopolskiego wraz z uczniami do wzi\u0119cia udzia\u0142u w konkursie na komiks pn.\u201dMokrad\u0142a s\u0105 wa\u017cne!\u201d.<\/p>\n<p>Celem konkursu jest zach\u0119cenie do obserwacji przyrodniczych, zwr\u00f3cenie uwagi na rol\u0119 w utrzymaniu bior\u00f3\u017cnorodno\u015bci ekosystem\u00f3w wodnych i bagiennych, zwr\u00f3cenie uwagi na zanikanie naturalnych niewielkich zbiornik\u00f3w wodnych, mokrade\u0142 i bagien w zwi\u0105zku z dzia\u0142alno\u015bci\u0105 cz\u0142owieka ale i zmianami klimatu (susze), rozwijanie my\u015blenia przyczynowo skutkowego i refleksyjnego my\u015blenia, rozbudzanie i rozwijanie zainteresowa\u0144 przyrodniczych, szczeg\u00f3lnie w\u015br\u00f3d dzieci i m\u0142odzie\u017cy szkolnej, zwr\u00f3cenie uwagi na zale\u017cno\u015bci wyst\u0119puj\u0105ce w \u015bwiecie przyrody.<\/p>\n<p>Konkurs zostanie przeprowadzony w nast\u0119puj\u0105cych kategoriach wiekowych:<br \/>a) przedszkola \u2013 uzupe\u0142nienie kolorowanek,<br \/>b) I-III klasy szko\u0142y podstawowej \u2013 doko\u0144czenie historii komiksowej,<br \/>c) IV-VI klasy szko\u0142y podstawowej \u2013 wykonanie pe\u0142nej pracy komiksowej,<br \/>d) VII-VIII klasy szko\u0142y podstawowej \u2013 wykonanie pe\u0142nej pracy komiksowej,<br \/>e) szko\u0142y ponadpodstawowe &#8211; wykonanie pe\u0142nej pracy komiksowej.<\/p>\n<p>Na prace czekamy do 05.05.2023 r. (liczy si\u0119 data wp\u0142ywu do Szko\u0142y Le\u015bnej na Barbarce). Informacja o wynikach konkursu zostanie zamieszczona na stronie projektu do 31.05.2023r. z laureatami konkursu skontaktujemy si\u0119 telefonicznie a nagrody prze\u015blemy poczt\u0105 do ko\u0144ca czerwca 2023r.<\/p>\n<p>Wi\u0119cej informacji w regulaminie konkursu:<br \/>&#8211; <a href=\"https:\/\/stopzmianomklimatu.org.pl\/wp-content\/uploads\/2023\/03\/regulamin-z-kartami-zgloszenia.docx.pdf\">link do regulaminu i kart zg\u0142oszenia<\/a><br \/>&#8211; <a href=\"https:\/\/stopzmianomklimatu.org.pl\/wp-content\/uploads\/2023\/03\/plakat-konkurs-A3-arial.pdf\">link do plakatu<\/a><br \/>&#8211; <a href=\"https:\/\/stopzmianomklimatu.org.pl\/wp-content\/uploads\/2023\/03\/mokradla-do-kolorowania-2.pdf\">link do kolorowanki<\/a><br \/>&#8211; <a href=\"https:\/\/stopzmianomklimatu.org.pl\/wp-content\/uploads\/2023\/03\/mokradla-komiks-I-III-2.pdf\">link do historyjki obrazkowej<\/a><\/p>\n<p>WYNIKI KONKURSU NA KOMIKS: \u00a0 <a href=\"https:\/\/stopzmianomklimatu.org.pl\/wp-content\/uploads\/2023\/06\/wyniki-konkursu-na-komiks-1.docx\" rel=\"attachment wp-att-734\">link <\/a><\/p>\n<p>&nbsp;<\/p>\n<p>[\/et_pb_text][\/et_pb_column][\/et_pb_row][et_pb_row _builder_version=&#8221;4.21.0&#8243; _module_preset=&#8221;default&#8221; global_colors_info=&#8221;{}&#8221;][et_pb_column type=&#8221;4_4&#8243; _builder_version=&#8221;4.21.0&#8243; _module_preset=&#8221;default&#8221; global_colors_info=&#8221;{}&#8221;][et_pb_text _builder_version=&#8221;4.21.0&#8243; _module_preset=&#8221;default&#8221; custom_margin=&#8221;||-11px|||&#8221; custom_padding=&#8221;||0px|||&#8221; global_colors_info=&#8221;{}&#8221;]<\/p>\n<h2>Kategoria klasy I-III<\/h2>\n<p>[\/et_pb_text][\/et_pb_column][\/et_pb_row][et_pb_row column_structure=&#8221;1_3,1_3,1_3&#8243; _builder_version=&#8221;4.21.0&#8243; _module_preset=&#8221;default&#8221; custom_margin=&#8221;-8px|auto||auto||&#8221; global_colors_info=&#8221;{}&#8221;][et_pb_column type=&#8221;1_3&#8243; _builder_version=&#8221;4.21.0&#8243; _module_preset=&#8221;default&#8221; global_colors_info=&#8221;{}&#8221;][et_pb_text _builder_version=&#8221;4.21.0&#8243; _module_preset=&#8221;default&#8221; global_colors_info=&#8221;{}&#8221;]<\/p>\n<h3>I miejsce<\/h3>\n<p>Alicja Janowska kl. III<\/p>\n<p>[\/et_pb_text][et_pb_gallery gallery_ids=&#8221;836,843,842,834,835&#8243; fullwidth=&#8221;on&#8221; admin_label=&#8221;Alicja Jonowska kl. III&#8221; _builder_version=&#8221;4.21.0&#8243; _module_preset=&#8221;default&#8221; global_colors_info=&#8221;{}&#8221;][\/et_pb_gallery][\/et_pb_column][et_pb_column type=&#8221;1_3&#8243; _builder_version=&#8221;4.21.0&#8243; _module_preset=&#8221;default&#8221; global_colors_info=&#8221;{}&#8221;][et_pb_text _builder_version=&#8221;4.21.0&#8243; _module_preset=&#8221;default&#8221; global_colors_info=&#8221;{}&#8221;]<\/p>\n<h3>II miejsce<\/h3>\n<p>Laura Wi\u015bniewska kl. III<\/p>\n<p>[\/et_pb_text][et_pb_gallery gallery_ids=&#8221;849&#8243; fullwidth=&#8221;on&#8221; admin_label=&#8221;Alicja Jonowska kl. III&#8221; _builder_version=&#8221;4.21.0&#8243; _module_preset=&#8221;default&#8221; global_colors_info=&#8221;{}&#8221;][\/et_pb_gallery][\/et_pb_column][et_pb_column type=&#8221;1_3&#8243; _builder_version=&#8221;4.21.0&#8243; _module_preset=&#8221;default&#8221; global_colors_info=&#8221;{}&#8221;][et_pb_text _builder_version=&#8221;4.21.0&#8243; _module_preset=&#8221;default&#8221; global_colors_info=&#8221;{}&#8221;]<\/p>\n<h3>III miejsce<\/h3>\n<p>Gabriela R\u00f3\u017ca\u0144ska kl. III<\/p>\n<p>[\/et_pb_text][et_pb_gallery gallery_ids=&#8221;850&#8243; fullwidth=&#8221;on&#8221; admin_label=&#8221;Alicja Jonowska kl. III&#8221; _builder_version=&#8221;4.21.0&#8243; _module_preset=&#8221;default&#8221; global_colors_info=&#8221;{}&#8221;][\/et_pb_gallery][\/et_pb_column][\/et_pb_row][et_pb_row _builder_version=&#8221;4.21.0&#8243; _module_preset=&#8221;default&#8221; global_colors_info=&#8221;{}&#8221;][et_pb_column type=&#8221;4_4&#8243; _builder_version=&#8221;4.21.0&#8243; _module_preset=&#8221;default&#8221; global_colors_info=&#8221;{}&#8221;][et_pb_text _builder_version=&#8221;4.21.0&#8243; _module_preset=&#8221;default&#8221; custom_margin=&#8221;||-11px|||&#8221; custom_padding=&#8221;||0px|||&#8221; global_colors_info=&#8221;{}&#8221;]<\/p>\n<h2>Kategoria klasy IV-VI<\/h2>\n<p>[\/et_pb_text][\/et_pb_column][\/et_pb_row][et_pb_row column_structure=&#8221;1_3,1_3,1_3&#8243; _builder_version=&#8221;4.21.0&#8243; _module_preset=&#8221;default&#8221; global_colors_info=&#8221;{}&#8221;][et_pb_column type=&#8221;1_3&#8243; _builder_version=&#8221;4.21.0&#8243; _module_preset=&#8221;default&#8221; global_colors_info=&#8221;{}&#8221;][et_pb_text _builder_version=&#8221;4.21.0&#8243; _module_preset=&#8221;default&#8221; global_colors_info=&#8221;{}&#8221;]<\/p>\n<h3>I miejsce<\/h3>\n<p>Robert Rych\u0142awski<\/p>\n<p>[\/et_pb_text][et_pb_gallery gallery_ids=&#8221;851,852,853,854,855,856&#8243; fullwidth=&#8221;on&#8221; admin_label=&#8221;Alicja Jonowska kl. III&#8221; _builder_version=&#8221;4.21.0&#8243; _module_preset=&#8221;default&#8221; global_colors_info=&#8221;{}&#8221;][\/et_pb_gallery][\/et_pb_column][et_pb_column type=&#8221;1_3&#8243; _builder_version=&#8221;4.21.0&#8243; _module_preset=&#8221;default&#8221; global_colors_info=&#8221;{}&#8221;][et_pb_text _builder_version=&#8221;4.21.0&#8243; _module_preset=&#8221;default&#8221; global_colors_info=&#8221;{}&#8221;]<\/p>\n<h3>II miejsce<\/h3>\n<p>Jagoda Miko\u0142ajewska<\/p>\n<p>[\/et_pb_text][et_pb_gallery gallery_ids=&#8221;858,859,860,861,862,863&#8243; fullwidth=&#8221;on&#8221; admin_label=&#8221;Alicja Jonowska kl. III&#8221; _builder_version=&#8221;4.21.0&#8243; _module_preset=&#8221;default&#8221; global_colors_info=&#8221;{}&#8221;][\/et_pb_gallery][\/et_pb_column][et_pb_column type=&#8221;1_3&#8243; _builder_version=&#8221;4.21.0&#8243; _module_preset=&#8221;default&#8221; global_colors_info=&#8221;{}&#8221;][et_pb_text _builder_version=&#8221;4.21.0&#8243; _module_preset=&#8221;default&#8221; global_colors_info=&#8221;{}&#8221;]<\/p>\n<h3>III miejsce<\/h3>\n<p>Pola Marchlewska<\/p>\n<p>[\/et_pb_text][et_pb_gallery gallery_ids=&#8221;865,866,867,868,869,870&#8243; fullwidth=&#8221;on&#8221; admin_label=&#8221;Alicja Jonowska kl. III&#8221; _builder_version=&#8221;4.21.0&#8243; _module_preset=&#8221;default&#8221; global_colors_info=&#8221;{}&#8221;][\/et_pb_gallery][\/et_pb_column][\/et_pb_row][et_pb_row _builder_version=&#8221;4.21.0&#8243; _module_preset=&#8221;default&#8221; global_colors_info=&#8221;{}&#8221;][et_pb_column type=&#8221;4_4&#8243; _builder_version=&#8221;4.21.0&#8243; _module_preset=&#8221;default&#8221; global_colors_info=&#8221;{}&#8221;][et_pb_text _builder_version=&#8221;4.21.0&#8243; _module_preset=&#8221;default&#8221; custom_margin=&#8221;||-11px|||&#8221; custom_padding=&#8221;||0px|||&#8221; global_colors_info=&#8221;{}&#8221;]<\/p>\n<h2>Kategoria klasy VII-VIII<\/h2>\n<p>[\/et_pb_text][\/et_pb_column][\/et_pb_row][et_pb_row column_structure=&#8221;1_3,1_3,1_3&#8243; _builder_version=&#8221;4.21.0&#8243; _module_preset=&#8221;default&#8221; global_colors_info=&#8221;{}&#8221;][et_pb_column type=&#8221;1_3&#8243; _builder_version=&#8221;4.21.0&#8243; _module_preset=&#8221;default&#8221; global_colors_info=&#8221;{}&#8221;][et_pb_text _builder_version=&#8221;4.21.0&#8243; _module_preset=&#8221;default&#8221; global_colors_info=&#8221;{}&#8221;]<\/p>\n<h3>I miejsce<\/h3>\n<p>Jakub Kostecki<\/p>\n<p>[\/et_pb_text][et_pb_gallery gallery_ids=&#8221;875,876,877,878,879&#8243; fullwidth=&#8221;on&#8221; admin_label=&#8221;Alicja Jonowska kl. III&#8221; _builder_version=&#8221;4.21.0&#8243; _module_preset=&#8221;default&#8221; global_colors_info=&#8221;{}&#8221;][\/et_pb_gallery][\/et_pb_column][et_pb_column type=&#8221;1_3&#8243; _builder_version=&#8221;4.21.0&#8243; _module_preset=&#8221;default&#8221; global_colors_info=&#8221;{}&#8221;][et_pb_text _builder_version=&#8221;4.21.0&#8243; _module_preset=&#8221;default&#8221; global_colors_info=&#8221;{}&#8221;]<\/p>\n<h3>II miejsce<\/h3>\n<p>Maja Rutkowska<\/p>\n<p>[\/et_pb_text][et_pb_gallery gallery_ids=&#8221;880,881,882,883,884,885,886,887,888,889,890,891&#8243; fullwidth=&#8221;on&#8221; admin_label=&#8221;Alicja Jonowska kl. III&#8221; _builder_version=&#8221;4.21.0&#8243; _module_preset=&#8221;default&#8221; global_colors_info=&#8221;{}&#8221;][\/et_pb_gallery][\/et_pb_column][et_pb_column type=&#8221;1_3&#8243; _builder_version=&#8221;4.21.0&#8243; _module_preset=&#8221;default&#8221; global_colors_info=&#8221;{}&#8221;][et_pb_text _builder_version=&#8221;4.21.0&#8243; _module_preset=&#8221;default&#8221; global_colors_info=&#8221;{}&#8221;]<\/p>\n<h3>III miejsce<\/h3>\n<p>Wojciech Kreczmer<\/p>\n<p>[\/et_pb_text][et_pb_gallery gallery_ids=&#8221;892,893,894,895,896,897&#8243; fullwidth=&#8221;on&#8221; admin_label=&#8221;Alicja Jonowska kl. III&#8221; _builder_version=&#8221;4.21.0&#8243; _module_preset=&#8221;default&#8221; global_colors_info=&#8221;{}&#8221;][\/et_pb_gallery][\/et_pb_column][\/et_pb_row][et_pb_row _builder_version=&#8221;4.21.0&#8243; _module_preset=&#8221;default&#8221; global_colors_info=&#8221;{}&#8221;][et_pb_column type=&#8221;4_4&#8243; _builder_version=&#8221;4.21.0&#8243; _module_preset=&#8221;default&#8221; global_colors_info=&#8221;{}&#8221;][et_pb_text _builder_version=&#8221;4.21.0&#8243; _module_preset=&#8221;default&#8221; custom_margin=&#8221;||-11px|||&#8221; custom_padding=&#8221;||0px|||&#8221; global_colors_info=&#8221;{}&#8221;]<\/p>\n<h2>Kategoria szko\u0142y ponadpodstawowe<\/h2>\n<p>[\/et_pb_text][\/et_pb_column][\/et_pb_row][et_pb_row column_structure=&#8221;1_3,1_3,1_3&#8243; _builder_version=&#8221;4.21.0&#8243; _module_preset=&#8221;default&#8221; global_colors_info=&#8221;{}&#8221;][et_pb_column type=&#8221;1_3&#8243; _builder_version=&#8221;4.21.0&#8243; _module_preset=&#8221;default&#8221; global_colors_info=&#8221;{}&#8221;][et_pb_text _builder_version=&#8221;4.21.0&#8243; _module_preset=&#8221;default&#8221; global_colors_info=&#8221;{}&#8221;]<\/p>\n<h3>I miejsce<\/h3>\n<p>Noemi P\u0142uzi\u0144ska<\/p>\n<p>[\/et_pb_text][et_pb_gallery gallery_ids=&#8221;898,899,900,901,902,903&#8243; fullwidth=&#8221;on&#8221; admin_label=&#8221;Alicja Jonowska kl. III&#8221; _builder_version=&#8221;4.21.0&#8243; _module_preset=&#8221;default&#8221; global_colors_info=&#8221;{}&#8221;][\/et_pb_gallery][\/et_pb_column][et_pb_column type=&#8221;1_3&#8243; _builder_version=&#8221;4.21.0&#8243; _module_preset=&#8221;default&#8221; global_colors_info=&#8221;{}&#8221;][et_pb_text _builder_version=&#8221;4.21.0&#8243; _module_preset=&#8221;default&#8221; global_colors_info=&#8221;{}&#8221;]<\/p>\n<h3>II miejsce<\/h3>\n<p>Maja Wolska<\/p>\n<p>[\/et_pb_text][et_pb_gallery gallery_ids=&#8221;905,906,907,908,909&#8243; fullwidth=&#8221;on&#8221; admin_label=&#8221;Alicja Jonowska kl. III&#8221; _builder_version=&#8221;4.21.0&#8243; _module_preset=&#8221;default&#8221; global_colors_info=&#8221;{}&#8221;][\/et_pb_gallery][\/et_pb_column][et_pb_column type=&#8221;1_3&#8243; _builder_version=&#8221;4.21.0&#8243; _module_preset=&#8221;default&#8221; global_colors_info=&#8221;{}&#8221;][et_pb_text _builder_version=&#8221;4.21.0&#8243; _module_preset=&#8221;default&#8221; global_colors_info=&#8221;{}&#8221;]<\/p>\n<h3>III miejsce<\/h3>\n<p>Wiktoria Radtke<\/p>\n<p>[\/et_pb_text][et_pb_gallery gallery_ids=&#8221;911,912,913,910&#8243; fullwidth=&#8221;on&#8221; admin_label=&#8221;Alicja Jonowska kl. III&#8221; _builder_version=&#8221;4.21.0&#8243; _module_preset=&#8221;default&#8221; global_colors_info=&#8221;{}&#8221;][\/et_pb_gallery][\/et_pb_column][\/et_pb_row][et_pb_row _builder_version=&#8221;4.21.0&#8243; _module_preset=&#8221;default&#8221; custom_padding=&#8221;||87px|||&#8221;][et_pb_column _builder_version=&#8221;4.21.0&#8243; _module_preset=&#8221;default&#8221; type=&#8221;4_4&#8243;][et_pb_code _builder_version=&#8221;4.21.0&#8243; _module_preset=&#8221;default&#8221; hover_enabled=&#8221;0&#8243; sticky_enabled=&#8221;0&#8243; custom_padding=&#8221;||0px||false|false&#8221; min_height=&#8221;723px&#8221; text_orientation=&#8221;center&#8221;]<iframe loading=\"lazy\" src=\"https:\/\/indd.adobe.com\/view\/4141bf9f-2108-4647-ac9c-d8dd6595d3ea\" title=\"Komiks wydawnictwo\" width=\"100%\" height=\"750\"<\/iframe>[\/et_pb_code][\/et_pb_column][\/et_pb_row][\/et_pb_section]<\/p>\n","protected":false},"excerpt":{"rendered":"<p>1. KONKURS internetowy dla dzieci i m\u0142odzie\u017cy szkolnej &#8211; STOP ZMIANOM KLIMATU! 2. KONKURS na komiks &#8222;Mokrad\u0142a s\u0105 wa\u017cne!&#8221; Ochrona ekosystem\u00f3w &#8211; stop zmianom klimatuKONKURS internetowy dla dzieci i m\u0142odzie\u017cy szkolnej &#8211; STOP ZMIANOM KLIMATU! Konkurs przeznaczony jest dla dzieci i m\u0142odzie\u017cy szkolnej z terenu ca\u0142ej Polski. Celem konkursu jest zach\u0119cenie do zdobywania wiedzy w [&hellip;]<\/p>\n","protected":false},"author":3,"featured_media":0,"parent":0,"menu_order":0,"comment_status":"closed","ping_status":"closed","template":"","meta":{"_et_pb_use_builder":"on","_et_pb_old_content":"","_et_gb_content_width":"","inline_featured_image":false,"footnotes":""},"class_list":["post-140","page","type-page","status-publish","hentry"],"_links":{"self":[{"href":"https:\/\/stopzmianomklimatu.org.pl\/index.php\/wp-json\/wp\/v2\/pages\/140","targetHints":{"allow":["GET"]}}],"collection":[{"href":"https:\/\/stopzmianomklimatu.org.pl\/index.php\/wp-json\/wp\/v2\/pages"}],"about":[{"href":"https:\/\/stopzmianomklimatu.org.pl\/index.php\/wp-json\/wp\/v2\/types\/page"}],"author":[{"embeddable":true,"href":"https:\/\/stopzmianomklimatu.org.pl\/index.php\/wp-json\/wp\/v2\/users\/3"}],"replies":[{"embeddable":true,"href":"https:\/\/stopzmianomklimatu.org.pl\/index.php\/wp-json\/wp\/v2\/comments?post=140"}],"version-history":[{"count":40,"href":"https:\/\/stopzmianomklimatu.org.pl\/index.php\/wp-json\/wp\/v2\/pages\/140\/revisions"}],"predecessor-version":[{"id":925,"href":"https:\/\/stopzmianomklimatu.org.pl\/index.php\/wp-json\/wp\/v2\/pages\/140\/revisions\/925"}],"wp:attachment":[{"href":"https:\/\/stopzmianomklimatu.org.pl\/index.php\/wp-json\/wp\/v2\/media?parent=140"}],"curies":[{"name":"wp","href":"https:\/\/api.w.org\/{rel}","templated":true}]}}