{"id":379,"date":"2022-07-25T10:51:46","date_gmt":"2022-07-25T08:51:46","guid":{"rendered":"https:\/\/stopzmianomklimatu.org.pl\/?page_id=379"},"modified":"2022-08-11T14:49:45","modified_gmt":"2022-08-11T12:49:45","slug":"klimat-a-lasy","status":"publish","type":"page","link":"https:\/\/stopzmianomklimatu.org.pl\/index.php\/klimat-a-lasy\/","title":{"rendered":"Klimat a lasy"},"content":{"rendered":"<p>[et_pb_section fb_built=&#8221;1&#8243; _builder_version=&#8221;4.17.4&#8243; _module_preset=&#8221;default&#8221; global_colors_info=&#8221;{}&#8221;][et_pb_row _builder_version=&#8221;4.17.4&#8243; _module_preset=&#8221;default&#8221; global_colors_info=&#8221;{}&#8221;][et_pb_column type=&#8221;4_4&#8243; _builder_version=&#8221;4.17.4&#8243; _module_preset=&#8221;default&#8221; global_colors_info=&#8221;{}&#8221;][et_pb_text _builder_version=&#8221;4.17.4&#8243; _module_preset=&#8221;default&#8221; global_colors_info=&#8221;{}&#8221;]<\/p>\n<h2><span style=\"color: #007bb7;\"><strong>Wp\u0142yw las\u00f3w na klimat<\/strong><\/span><\/h2>\n<p>[\/et_pb_text][\/et_pb_column][\/et_pb_row][et_pb_row _builder_version=&#8221;4.17.4&#8243; _module_preset=&#8221;default&#8221; global_colors_info=&#8221;{}&#8221;][et_pb_column type=&#8221;4_4&#8243; _builder_version=&#8221;4.17.4&#8243; _module_preset=&#8221;default&#8221; global_colors_info=&#8221;{}&#8221;][et_pb_text _builder_version=&#8221;4.17.4&#8243; _module_preset=&#8221;default&#8221; hover_enabled=&#8221;0&#8243; global_colors_info=&#8221;{}&#8221; sticky_enabled=&#8221;0&#8243;]<\/p>\n<p>Las pe\u0142ni rozliczne funkcje ekologiczne. Jest \u015brodowiskiem \u017cycia dla wielu gatunk\u00f3w ro\u015blin i zwierz\u0105t. Charakteryzuj\u0105 je bardzo dobre w\u0142a\u015bciwo\u015bci retencyjne, wodochronne i glebochronne. Poch\u0142ania dwutlenek w\u0119gla i produkuje tlen. Neutralizuje zanieczyszczenia powietrza i gleby. Chroni przed lawinami. Wp\u0142ywa na klimat. Wszystkie te funkcje s\u0105 niezwykle wa\u017cne, nie tylko dla \u015brodowiska przyrodniczego, ale i dla kszta\u0142towania warunk\u00f3w \u017cycia cz\u0142owieka na Ziemi.<\/p>\n<p>[\/et_pb_text][\/et_pb_column][\/et_pb_row][et_pb_row _builder_version=&#8221;4.17.4&#8243; _module_preset=&#8221;default&#8221; global_colors_info=&#8221;{}&#8221;][et_pb_column type=&#8221;4_4&#8243; _builder_version=&#8221;4.17.4&#8243; _module_preset=&#8221;default&#8221; global_colors_info=&#8221;{}&#8221;][et_pb_image src=&#8221;https:\/\/stopzmianomklimatu.org.pl\/wp-content\/uploads\/2022\/07\/Global_Forest_Resources_Assessment_2020_\u2013_Key_findings.png&#8221; alt=&#8221;Mapa zalesienia \u015bwiata&#8221; title_text=&#8221;Global_Forest_Resources_Assessment_2020_\u2013_Key_findings&#8221; admin_label=&#8221;https:\/\/en.wikipedia.org\/wiki\/File:Proportion_and_distribution_of_global_forest_area_by_climatic_domain,_2020.svg&#8221; _builder_version=&#8221;4.17.4&#8243; _module_preset=&#8221;default&#8221; global_colors_info=&#8221;{}&#8221;][\/et_pb_image][et_pb_text _builder_version=&#8221;4.17.4&#8243; _module_preset=&#8221;default&#8221; global_colors_info=&#8221;{}&#8221;]<\/p>\n<p>Klimat b\u0119d\u0105cy wieloletnim przebiegiem pogody na danym obszarze, zale\u017cny jest od czynnik\u00f3w geograficznych takich jak szeroko\u015b\u0107 geograficzna, wysoko\u015b\u0107 nad poziomem morza, rozmieszczenie l\u0105d\u00f3w i w\u00f3d na powierzchni kuli ziemskiej, ukszta\u0142towanie terenu, pr\u0105dy oceaniczne a tak\u017ce pokrywa ro\u015blinna, \u015bnie\u017cna lub lodowa.<\/p>\n<p>Las jako jedna z form pokrywy ro\u015blinnej wp\u0142ywaj\u0105cej na procesy klimatotw\u00f3rcze wyr\u00f3\u017cnia si\u0119 odr\u0119bno\u015bci\u0105 klimatyczn\u0105 swego wn\u0119trza, a zarazem wp\u0142ywa modyfikuj\u0105co na lokalne procesy atmosferyczne przyleg\u0142ych teren\u00f3w bezle\u015bnych. Dzieje si\u0119 to g\u0142\u00f3wnie poprzez stanowienie przez lasy oraz zadrzewienia skutecznej bariery dla wiatr\u00f3w jak i ich retencyjne w\u0142a\u015bciwo\u015bci.<\/p>\n<p>[\/et_pb_text][\/et_pb_column][\/et_pb_row][et_pb_row _builder_version=&#8221;4.17.4&#8243; _module_preset=&#8221;default&#8221; global_colors_info=&#8221;{}&#8221;][et_pb_column type=&#8221;4_4&#8243; _builder_version=&#8221;4.17.4&#8243; _module_preset=&#8221;default&#8221; global_colors_info=&#8221;{}&#8221;][et_pb_image src=&#8221;https:\/\/stopzmianomklimatu.org.pl\/wp-content\/uploads\/2022\/07\/Lasy-AdobeStock_110663883.jpg&#8221; title_text=&#8221;Aerial view of Torun downtown in Poland&#8221; _builder_version=&#8221;4.17.4&#8243; _module_preset=&#8221;default&#8221; global_colors_info=&#8221;{}&#8221;][\/et_pb_image][et_pb_text _builder_version=&#8221;4.17.4&#8243; _module_preset=&#8221;default&#8221; global_colors_info=&#8221;{}&#8221;]<\/p>\n<p>Najwa\u017cniejszym mechanizmem retencji wody opadowej w lesie jest spowolnienie jej odp\u0142ywu. Dzi\u0119ki temu, \u017ce wierzchnia warstwa gleby le\u015bnej jest zawsze chroniona przez korony drzew, podszyt, runo czy \u015bci\u00f3\u0142k\u0119 wi\u0119kszo\u015b\u0107 wody opadowej wsi\u0105ka w gleb\u0119 jak w g\u0105bk\u0119 sk\u0105d bardzo wolno odp\u0142ywa. Po ulewnym deszczu, woda z terenu zalesionego odp\u0142ywa przez wiele dni, podczas gdy z terenu z ubog\u0105 szat\u0105 ro\u015blinn\u0105 zaledwie kilka godzin, poniewa\u017c sp\u0142yw po powierzchni gleby jest kilkadziesi\u0105t razy szybszy ni\u017c sp\u0142yw wewn\u0105trzgruntowy. Wylesienia powoduj\u0105 intensywn\u0105 erozj\u0119 oaz szybkie wzbieranie potok\u00f3w i rzek w czasie opad\u00f3w, a okresowo powoduje r\u00f3wnie\u017c susz\u0119 glebow\u0105 i obni\u017cenie poziomu w\u00f3d gruntowych. Woda w lasach jest zatrzymywana i okresowo magazynowana po czym w g\u0142\u00f3wnie w wyniku transpiracji drzew jest uwalniana do atmosfery. W pe\u0142ni sezonu wegetacyjnego z 1 ha las\u00f3w odparowuje do atmosfery od kilku do kilkudziesi\u0119ciu ton wody w ci\u0105gu doby. Jest to ilo\u015b\u0107 por\u00f3wnywalna z intensywno\u015bci\u0105 parowania lustra wody w zbiorniku wodnym. Dlatego te\u017c wp\u0142yw las\u00f3w na klimat por\u00f3wnywalny jest z wp\u0142ywem zbiornik\u00f3w wodnych. Im kompleks le\u015bny wi\u0119kszy, tym wi\u0119kszy jest zasi\u0119g jego oddzia\u0142ywania. Intensywna transpiracja wody przez las zwi\u0119ksza wilgotno\u015b\u0107 powietrza przez co wp\u0142ywa na zmniejszenie dobowych, okresowych i rocznych amplitud temperatury powietrza atmosferycznego. Zwi\u0119kszona wilgotno\u015b\u0107 powietrza skutkuje te\u017c zwi\u0119kszeniem sumy i cz\u0119stotliwo\u015bci opad\u00f3w atmosferycznych. Oddzia\u0142ywania klimatyczne, wynikaj\u0105ce ze zwi\u0119kszonej wilgotno\u015bci powietrza nad lasem obserwuje si\u0119 na odleg\u0142o\u015b\u0107 do kilkudziesi\u0119ciu kilometr\u00f3w od wi\u0119kszych kompleks\u00f3w le\u015bnych. Opr\u00f3cz oddzia\u0142ywania poprzez zwi\u0119kszanie wilgotno\u015bci powietrza lasy pe\u0142ni\u0105 r\u00f3wnie\u017c funkcj\u0119 regulatora stosunk\u00f3w wodnych w zlewniach potok\u00f3w i rzek obejmuj\u0105cych niekiedy bardzo du\u017ce obszary. W ten spos\u00f3b zmniejszaj\u0105 zagro\u017cenie powodziami, maj\u0105 istotny wp\u0142yw na plony w rolnictwie oraz zaopatrzenie ludno\u015bci i przemys\u0142 w wod\u0119.<\/p>\n<p>[\/et_pb_text][\/et_pb_column][\/et_pb_row][et_pb_row _builder_version=&#8221;4.17.4&#8243; _module_preset=&#8221;default&#8221; global_colors_info=&#8221;{}&#8221;][et_pb_column type=&#8221;4_4&#8243; _builder_version=&#8221;4.17.4&#8243; _module_preset=&#8221;default&#8221; global_colors_info=&#8221;{}&#8221;][et_pb_image src=&#8221;https:\/\/stopzmianomklimatu.org.pl\/wp-content\/uploads\/2022\/07\/klimat-a-lasy-ilu-1.png&#8221; alt=&#8221;ZBIORNIK WODNY OTOCZONY Z JEDNEJ STRONY LASEM, Z DRUGIEJ MIASTEM, Z TRZECIEJ POLEM UPRAWNYM Z CZWARTEJ FABRYK\u0104&#8221; title_text=&#8221;klimat a lasy &#8211; ilu-1&#8243; _builder_version=&#8221;4.17.4&#8243; _module_preset=&#8221;default&#8221; global_colors_info=&#8221;{}&#8221;][\/et_pb_image][et_pb_text _builder_version=&#8221;4.17.4&#8243; _module_preset=&#8221;default&#8221; global_colors_info=&#8221;{}&#8221;]<\/p>\n<p>Las stanowi r\u00f3wnie\u017c naturaln\u0105 przeszkod\u0119 dla wiatr\u00f3w i w zale\u017cno\u015bci od typu lasu i jego wieku potrafi zmniejszy\u0107 pr\u0119dko\u015b\u0107 wiatru nawet dziesi\u0119ciokrotnie. Dzi\u0119ki takiemu oddzia\u0142ywaniu lasy ograniczaj\u0105 potencjalne zniszczenia, kt\u00f3re mog\u0142yby by\u0107 spowodowane przez wiatry, kt\u00f3rych si\u0142a nie by\u0142aby ograniczona przez las. Ponadto lasy i zadrzewienia \u015br\u00f3dpolne, czyli pasy drzew rosn\u0105ce wzd\u0142u\u017c granicy mi\u0119dzy polami polepszaj\u0105 lokalne warunki klimatyczne, z punktu widzenia rolnictwa. Powoduj\u0105c os\u0142abienie pr\u0119dko\u015bci wiatru zmniejszaj\u0105 erozj\u0119 gleby (czyli wywiewanie cz\u0105stek gleby i zuba\u017canie jej), a tak\u017ce os\u0142abiaj\u0105 parowanie wody z gleby, co przeciwdzia\u0142a jej wysuszeniu. Dodatkowo wp\u0142ywaj\u0105 na zwi\u0119kszenie bior\u00f3\u017cnorodno\u015bci \u2013 staj\u0105c si\u0119 domem dla wielu zwierz\u0105t.<\/p>\n<p>[\/et_pb_text][\/et_pb_column][\/et_pb_row][et_pb_row _builder_version=&#8221;4.17.4&#8243; _module_preset=&#8221;default&#8221; global_colors_info=&#8221;{}&#8221;][et_pb_column type=&#8221;4_4&#8243; _builder_version=&#8221;4.17.4&#8243; _module_preset=&#8221;default&#8221; global_colors_info=&#8221;{}&#8221;][et_pb_image src=&#8221;https:\/\/stopzmianomklimatu.org.pl\/wp-content\/uploads\/2022\/07\/klimat-a-lasy-ilu-2.png&#8221; alt=&#8221;LAS Z NAPIERAJ\u0104CYM WIATREM ORAZ FLAUT\u0104 NA ZAWIETRZNEJ&#8221; title_text=&#8221;klimat a lasy &#8211; ilu-2&#8243; _builder_version=&#8221;4.17.4&#8243; _module_preset=&#8221;default&#8221; global_colors_info=&#8221;{}&#8221;][\/et_pb_image][et_pb_text _builder_version=&#8221;4.17.4&#8243; _module_preset=&#8221;default&#8221; global_colors_info=&#8221;{}&#8221;]<\/p>\n<p>Lasy poprzez korony drzew, tworz\u0105ce sklepienie lasu, wyczesuj\u0105 z zanieczyszczonej atmosfery du\u017ce ilo\u015bci szkodliwych py\u0142\u00f3w i gaz\u00f3w. Cz\u0119\u015b\u0107 tych emisji trafia nast\u0119pnie na dno lasu, a cz\u0119\u015b\u0107 jest poch\u0142aniana przez aparat asymilacyjny i neutralizowana jest w tkankach igie\u0142 i li\u015bci. Lasy i zadrzewienia poch\u0142aniaj\u0105 te\u017c du\u017ce ilo\u015bci nawoz\u00f3w i pestycyd\u00f3w (stosowanych w rolnictwie), przemieszczaj\u0105cych si\u0119 z wodami gruntowymi do ciek\u00f3w i zbiornik\u00f3w wodnych. <br \/>Tak wi\u0119c kosztem w\u0142asnego zdrowia i \u017cycia, lasy oczyszczaj\u0105 powietrze (zw\u0142aszcza wok\u00f3\u0142 o\u015brodk\u00f3w przemys\u0142owych i miast stanowi\u0105c bariery ochronne, otuliny) oraz oczyszczaj\u0105 wody gruntowe, sp\u0142ywaj\u0105ce do jezior i rzek. W ten spos\u00f3b wspomagaj\u0105 i chroni\u0105 funkcjonowanie innych ekosystem\u00f3w oraz kszta\u0142tuj\u0105 korzystnie \u015brodowisko \u017cycia cz\u0142owieka.<\/p>\n<p>[\/et_pb_text][\/et_pb_column][\/et_pb_row][et_pb_row _builder_version=&#8221;4.17.4&#8243; _module_preset=&#8221;default&#8221; global_colors_info=&#8221;{}&#8221;][et_pb_column type=&#8221;4_4&#8243; _builder_version=&#8221;4.17.4&#8243; _module_preset=&#8221;default&#8221; global_colors_info=&#8221;{}&#8221;][et_pb_image src=&#8221;https:\/\/stopzmianomklimatu.org.pl\/wp-content\/uploads\/2022\/07\/las-AdobeStock_229936816.jpg&#8221; title_text=&#8221;Aerial view of Torun downtown in Poland&#8221; _builder_version=&#8221;4.17.4&#8243; _module_preset=&#8221;default&#8221; global_colors_info=&#8221;{}&#8221;][\/et_pb_image][\/et_pb_column][\/et_pb_row][\/et_pb_section]<\/p>\n","protected":false},"excerpt":{"rendered":"<p>Wp\u0142yw las\u00f3w na klimatLas pe\u0142ni rozliczne funkcje ekologiczne. Jest \u015brodowiskiem \u017cycia dla wielu gatunk\u00f3w ro\u015blin i zwierz\u0105t. Charakteryzuj\u0105 je bardzo dobre w\u0142a\u015bciwo\u015bci retencyjne, wodochronne i glebochronne. Poch\u0142ania dwutlenek w\u0119gla i produkuje tlen. Neutralizuje zanieczyszczenia powietrza i gleby. Chroni przed lawinami. Wp\u0142ywa na klimat. Wszystkie te funkcje s\u0105 niezwykle wa\u017cne, nie tylko dla \u015brodowiska przyrodniczego, ale [&hellip;]<\/p>\n","protected":false},"author":3,"featured_media":0,"parent":0,"menu_order":0,"comment_status":"closed","ping_status":"closed","template":"","meta":{"_et_pb_use_builder":"on","_et_pb_old_content":"","_et_gb_content_width":"","inline_featured_image":false,"footnotes":""},"class_list":["post-379","page","type-page","status-publish","hentry"],"_links":{"self":[{"href":"https:\/\/stopzmianomklimatu.org.pl\/index.php\/wp-json\/wp\/v2\/pages\/379","targetHints":{"allow":["GET"]}}],"collection":[{"href":"https:\/\/stopzmianomklimatu.org.pl\/index.php\/wp-json\/wp\/v2\/pages"}],"about":[{"href":"https:\/\/stopzmianomklimatu.org.pl\/index.php\/wp-json\/wp\/v2\/types\/page"}],"author":[{"embeddable":true,"href":"https:\/\/stopzmianomklimatu.org.pl\/index.php\/wp-json\/wp\/v2\/users\/3"}],"replies":[{"embeddable":true,"href":"https:\/\/stopzmianomklimatu.org.pl\/index.php\/wp-json\/wp\/v2\/comments?post=379"}],"version-history":[{"count":4,"href":"https:\/\/stopzmianomklimatu.org.pl\/index.php\/wp-json\/wp\/v2\/pages\/379\/revisions"}],"predecessor-version":[{"id":427,"href":"https:\/\/stopzmianomklimatu.org.pl\/index.php\/wp-json\/wp\/v2\/pages\/379\/revisions\/427"}],"wp:attachment":[{"href":"https:\/\/stopzmianomklimatu.org.pl\/index.php\/wp-json\/wp\/v2\/media?parent=379"}],"curies":[{"name":"wp","href":"https:\/\/api.w.org\/{rel}","templated":true}]}}