{"id":645,"date":"2023-03-09T15:17:14","date_gmt":"2023-03-09T14:17:14","guid":{"rendered":"https:\/\/stopzmianomklimatu.org.pl\/?page_id=645"},"modified":"2023-03-15T11:25:34","modified_gmt":"2023-03-15T10:25:34","slug":"szczegolowy-opis-stanowiska","status":"publish","type":"page","link":"https:\/\/stopzmianomklimatu.org.pl\/index.php\/szczegolowy-opis-stanowiska\/","title":{"rendered":"Szczeg\u00f3\u0142owy opis stanowiska"},"content":{"rendered":"<p>[et_pb_section fb_built=&#8221;1&#8243; _builder_version=&#8221;4.17.4&#8243; _module_preset=&#8221;default&#8221; custom_padding=&#8221;3px|||||&#8221; global_colors_info=&#8221;{}&#8221; theme_builder_area=&#8221;post_content&#8221;][et_pb_row column_structure=&#8221;1_3,2_3&#8243; _builder_version=&#8221;4.17.4&#8243; _module_preset=&#8221;default&#8221; custom_padding=&#8221;||0px|||&#8221; global_colors_info=&#8221;{}&#8221; theme_builder_area=&#8221;post_content&#8221;][et_pb_column type=&#8221;1_3&#8243; _builder_version=&#8221;4.17.4&#8243; _module_preset=&#8221;default&#8221; global_colors_info=&#8221;{}&#8221; theme_builder_area=&#8221;post_content&#8221;][et_pb_image src=&#8221;https:\/\/stopzmianomklimatu.org.pl\/wp-content\/uploads\/2022\/09\/ikonka_wyjazdy.png&#8221; title_text=&#8221;ikonka_wyjazdy&#8221; _builder_version=&#8221;4.17.4&#8243; _module_preset=&#8221;default&#8221; global_colors_info=&#8221;{}&#8221; theme_builder_area=&#8221;post_content&#8221;][\/et_pb_image][\/et_pb_column][et_pb_column type=&#8221;2_3&#8243; _builder_version=&#8221;4.17.4&#8243; _module_preset=&#8221;default&#8221; global_colors_info=&#8221;{}&#8221; theme_builder_area=&#8221;post_content&#8221;][et_pb_text _builder_version=&#8221;4.18.0&#8243; _module_preset=&#8221;default&#8221; hover_enabled=&#8221;0&#8243; global_colors_info=&#8221;{}&#8221; theme_builder_area=&#8221;post_content&#8221; sticky_enabled=&#8221;0&#8243;]<\/p>\n<h1><strong><span style=\"color: #007bb7;\">Szczeg\u00f3\u0142owy opis stanowiska<\/span><\/strong><\/h1>\n<p>Uwaga! Monta\u017c stanowiska wymaga pod\u0142\u0105czenia do pr\u0105du. Przed\u0142u\u017cacz zapewnia Stowarzyszenie.<\/p>\n<p>Stanowisko znajdowa\u0107 si\u0119 mo\u017ce na zewn\u0105trz szko\u0142y np. na boisku lub terenie zielonym a w przypadku brzydkiej pogody np. w sali gimnastycznej lub holu.<\/p>\n<p>Ka\u017cde ze stanowisk oznaczone jest tablic\u0105 informacyjn\u0105.<\/p>\n<p>Wydarzenie zosta\u0142o przygotowane w oparciu o specjalnie przygotowane stanowiska:<br \/>&#8211; Ekosystemy wodne i l\u0105dowe<br \/>&#8211; Mokrad\u0142a s\u0105 wa\u017cne &#8211; co to s\u0105 us\u0142ugi ekosystemowe<br \/>&#8211; Gra planszowa pn. \u201eNiska emisja\u201d<br \/>&#8211; Reklama dobrych dla \u015brodowiska i zdrowia ludzi nawyk\u00f3w. Warsztaty edukacyjno-plastyczne<br \/>&#8211; Escape room<\/p>\n<p>Podczas pikniku na stanowiskach wykorzystywane b\u0119d\u0105 nast\u0119puj\u0105ce metody dydaktyczne: praca w grupach, pogadanka, pokaz z obja\u015bnieniem, obserwacja oraz dyskusja.<\/p>\n<p>Ka\u017cda klasa bior\u0105ca udzia\u0142 w imprezie zostanie wprowadzona do zabawy przez prowadz\u0105cych, kt\u00f3rzy nakre\u015bl\u0105 zagadnienia merytoryczne dotycz\u0105ce zmian klimatu i adaptacji do nich oraz zasady zabawy.<\/p>\n<p>Przebywaj\u0105ca na mini pikniku klasa zostanie podzielona na 4 podgrupy, kt\u00f3re pracowa\u0107 b\u0119d\u0105 na poszczeg\u00f3lnych 4 stanowiskach edukacyjnych, ka\u017cda grupa na swoim stanowisku.<\/p>\n<p>Uczestnicy zostan\u0105 przeniesieni do niedalekiej przysz\u0142o\u015bci, w kt\u00f3rej zmiany klimatu spowodowa\u0142y katastrof\u0119 klimatyczn\u0105 na Ziemi. Ich zadaniem jest zatrzymanie zmian i powr\u00f3t do stanu z tera\u017aniejszo\u015bci.<\/p>\n<p>Na stanowiskach uczestnicy rozwi\u0105zywa\u0107 b\u0119d\u0105 zagadki, rebusy, wykonywa\u0107 b\u0119d\u0105 r\u00f3\u017cne zadania, kt\u00f3re pozwol\u0105 zdoby\u0107 ko\u0144cowy kod pozwalaj\u0105cy zatrzyma\u0107 stale rosn\u0105c\u0105 temperatur\u0119 Ziemi i tym samym j\u0105 uratowa\u0107. Ka\u017cda klasa wykonywa\u0107 b\u0119dzie zadania na czas.<\/p>\n<p>Czas, w kt\u00f3rym uratowana zostanie Ziemia zapisany zostanie na tablicy wynik\u00f3w. Klasa kt\u00f3ra najszybciej w danej szkole rozwi\u0105\u017ce zagadk\u0119 otrzyma nagrod\u0119 \u2013 upominek w postaci sprz\u0119tu sportowego.<\/p>\n<p>Na zako\u0144czenie plac\u00f3wka, w kt\u00f3rej zostanie zorganizowane wydarzenie otrzyma pami\u0105tkowy dyplom.<\/p>\n<p>Dodatkowo podczas mini-pikniku uczniowie szko\u0142y wsp\u00f3lnie posadz\u0105 na terenie plac\u00f3wki m\u0142ode drzewko. Drzewko oznaczone zostanie tabliczk\u0105 z nazw\u0105 projektu i \u017ar\u00f3d\u0142em finansowania. Na miejscu sadzenia wykonane zostanie pami\u0105tkowe zdj\u0119cie.<\/p>\n<p>Plac\u00f3wki o\u015bwiatowe, kt\u00f3re zg\u0142osz\u0105 ch\u0119\u0107 udzia\u0142u w akcji otrzymaj\u0105 drog\u0105 pocztow\u0105 3 szt. plakat\u00f3w informuj\u0105cych o wydarzeniu i zapraszaj\u0105cych uczni\u00f3w do udzia\u0142u.<\/p>\n<p>Animacje na poszczeg\u00f3lnych stanowiskach prowadzone b\u0119d\u0105 przez wykwalifikowany personel z wykszta\u0142ceniem wy\u017cszym posiadaj\u0105cy do\u015bwiadczenie w opracowywaniu i prowadzeniu zaj\u0119\u0107, warsztat\u00f3w dydaktycznych, akcji, kampanii w zakresie ekologiczno-przyrodniczym.<\/p>\n<p>&nbsp;<\/p>\n<p>[\/et_pb_text][\/et_pb_column][\/et_pb_row][et_pb_row column_structure=&#8221;1_2,1_2&#8243; _builder_version=&#8221;4.17.4&#8243; _module_preset=&#8221;default&#8221; global_colors_info=&#8221;{}&#8221; theme_builder_area=&#8221;post_content&#8221;][et_pb_column type=&#8221;1_2&#8243; _builder_version=&#8221;4.17.4&#8243; _module_preset=&#8221;default&#8221; global_colors_info=&#8221;{}&#8221; theme_builder_area=&#8221;post_content&#8221;][\/et_pb_column][et_pb_column type=&#8221;1_2&#8243; _builder_version=&#8221;4.17.4&#8243; _module_preset=&#8221;default&#8221; global_colors_info=&#8221;{}&#8221; theme_builder_area=&#8221;post_content&#8221;][\/et_pb_column][\/et_pb_row][et_pb_row column_structure=&#8221;1_2,1_2&#8243; _builder_version=&#8221;4.17.4&#8243; _module_preset=&#8221;default&#8221; custom_padding=&#8221;||0px|||&#8221; global_colors_info=&#8221;{}&#8221; theme_builder_area=&#8221;post_content&#8221;][et_pb_column type=&#8221;1_2&#8243; _builder_version=&#8221;4.17.4&#8243; _module_preset=&#8221;default&#8221; global_colors_info=&#8221;{}&#8221; theme_builder_area=&#8221;post_content&#8221;][\/et_pb_column][et_pb_column type=&#8221;1_2&#8243; _builder_version=&#8221;4.17.4&#8243; _module_preset=&#8221;default&#8221; global_colors_info=&#8221;{}&#8221; theme_builder_area=&#8221;post_content&#8221;][\/et_pb_column][\/et_pb_row][\/et_pb_section]<\/p>\n","protected":false},"excerpt":{"rendered":"<p>Szczeg\u00f3\u0142owy opis stanowiska Uwaga! Monta\u017c stanowiska wymaga pod\u0142\u0105czenia do pr\u0105du. Przed\u0142u\u017cacz zapewnia Stowarzyszenie. Stanowisko znajdowa\u0107 si\u0119 mo\u017ce na zewn\u0105trz szko\u0142y np. na boisku lub terenie zielonym a w przypadku brzydkiej pogody np. w sali gimnastycznej lub holu. Ka\u017cde ze stanowisk oznaczone jest tablic\u0105 informacyjn\u0105. Wydarzenie zosta\u0142o przygotowane w oparciu o specjalnie przygotowane stanowiska:- Ekosystemy wodne [&hellip;]<\/p>\n","protected":false},"author":3,"featured_media":0,"parent":0,"menu_order":0,"comment_status":"closed","ping_status":"closed","template":"","meta":{"_et_pb_use_builder":"on","_et_pb_old_content":"","_et_gb_content_width":"","inline_featured_image":false,"footnotes":""},"class_list":["post-645","page","type-page","status-publish","hentry"],"_links":{"self":[{"href":"https:\/\/stopzmianomklimatu.org.pl\/index.php\/wp-json\/wp\/v2\/pages\/645","targetHints":{"allow":["GET"]}}],"collection":[{"href":"https:\/\/stopzmianomklimatu.org.pl\/index.php\/wp-json\/wp\/v2\/pages"}],"about":[{"href":"https:\/\/stopzmianomklimatu.org.pl\/index.php\/wp-json\/wp\/v2\/types\/page"}],"author":[{"embeddable":true,"href":"https:\/\/stopzmianomklimatu.org.pl\/index.php\/wp-json\/wp\/v2\/users\/3"}],"replies":[{"embeddable":true,"href":"https:\/\/stopzmianomklimatu.org.pl\/index.php\/wp-json\/wp\/v2\/comments?post=645"}],"version-history":[{"count":3,"href":"https:\/\/stopzmianomklimatu.org.pl\/index.php\/wp-json\/wp\/v2\/pages\/645\/revisions"}],"predecessor-version":[{"id":652,"href":"https:\/\/stopzmianomklimatu.org.pl\/index.php\/wp-json\/wp\/v2\/pages\/645\/revisions\/652"}],"wp:attachment":[{"href":"https:\/\/stopzmianomklimatu.org.pl\/index.php\/wp-json\/wp\/v2\/media?parent=645"}],"curies":[{"name":"wp","href":"https:\/\/api.w.org\/{rel}","templated":true}]}}