{"id":653,"date":"2023-03-15T11:38:42","date_gmt":"2023-03-15T10:38:42","guid":{"rendered":"https:\/\/stopzmianomklimatu.org.pl\/?page_id=653"},"modified":"2023-03-20T10:06:14","modified_gmt":"2023-03-20T09:06:14","slug":"regulamin","status":"publish","type":"page","link":"https:\/\/stopzmianomklimatu.org.pl\/index.php\/regulamin\/","title":{"rendered":"Regulamin"},"content":{"rendered":"<p>[et_pb_section fb_built=&#8221;1&#8243; _builder_version=&#8221;4.17.4&#8243; _module_preset=&#8221;default&#8221; custom_padding=&#8221;3px|||||&#8221; global_colors_info=&#8221;{}&#8221;][et_pb_row column_structure=&#8221;1_3,2_3&#8243; _builder_version=&#8221;4.17.4&#8243; _module_preset=&#8221;default&#8221; custom_padding=&#8221;3px||0px|||&#8221; global_colors_info=&#8221;{}&#8221;][et_pb_column type=&#8221;1_3&#8243; _builder_version=&#8221;4.17.4&#8243; _module_preset=&#8221;default&#8221; global_colors_info=&#8221;{}&#8221;][et_pb_image src=&#8221;https:\/\/stopzmianomklimatu.org.pl\/wp-content\/uploads\/2022\/09\/ikonka_wyjazdy.png&#8221; title_text=&#8221;ikonka_wyjazdy&#8221; _builder_version=&#8221;4.17.4&#8243; _module_preset=&#8221;default&#8221; global_colors_info=&#8221;{}&#8221;][\/et_pb_image][\/et_pb_column][et_pb_column type=&#8221;2_3&#8243; _builder_version=&#8221;4.17.4&#8243; _module_preset=&#8221;default&#8221; global_colors_info=&#8221;{}&#8221;][et_pb_text ol_position=&#8221;outside&#8221; ol_item_indent=&#8221;14px&#8221; _builder_version=&#8221;4.18.0&#8243; _module_preset=&#8221;default&#8221; ol_font=&#8221;||||||||&#8221; ol_line_height=&#8221;1.3em&#8221; header_line_height=&#8221;1.4em&#8221; header_4_font_size=&#8221;17px&#8221; header_4_line_height=&#8221;1.3em&#8221; hover_enabled=&#8221;0&#8243; global_colors_info=&#8221;{}&#8221; sticky_enabled=&#8221;0&#8243;]<\/p>\n<h1><strong><span style=\"color: #007bb7;\">Regulamin organizacyjny<\/span><\/strong><\/h1>\n<h4><strong><span style=\"color: #007bb7;\"><span style=\"color: #000000;\">wydarze\u0144 edukacyjno &#8211; informacyjnych (tzw. mini piknik\u00f3w)<\/span> <span style=\"color: #000000;\">organizowanych na terenie plac\u00f3wek o\u015bwiatowych wojew\u00f3dztwa<\/span> <span style=\"color: #000000;\">kujawsko &#8211; pomorskiego, wielkopolskiego i warmi\u0144sko &#8211; mazurskiego<\/span> <span style=\"color: #000000;\">w ramach projektu pn.<\/span><br \/>&#8222;Ochrona ekosystem\u00f3w &#8211; stop zmianom klimatu\u201d<\/span><\/strong><\/h4>\n<ol>\n<li>Wydarzenia edukacyjno &#8211; informacyjne zwane dalej mini piknikami organizowane s\u0105 w ramach projektu pn. \u201eOchrona ekosystem\u00f3w &#8211; stop zmianom klimatu\u201d.<br \/>Projekt realizowany jest w ramach programu \u015arodowisko, Energia i Zmiany Klimatu; obszar programowy: \u015arodowisko naturalne i ekosystemy.<br \/>Projekt korzysta z dofinansowania otrzymanego od Islandii, Liechtensteinu i Norwegii w ramach Mechanizmu Finansowego EOG a tak\u017ce z dofinansowania Bud\u017cetu Pa\u0144stwa i Wojew\u00f3dzkiego Funduszu Ochrony \u015arodowiska i Gospodarki Wodnej w Toruniu.<\/li>\n<li>Projekt realizowany jest przez Stowarzyszenie \u201eTilia\u201d w ramach dzia\u0142alno\u015bci Szko\u0142y Le\u015bnej na Barbarce od stycznia 2022 do grudnia 2023 roku. Organizacja mini piknik\u00f3w przewidziana jest od 1 kwietnia do 30 czerwca 2023 roku.<\/li>\n<li>Celem projektu jest budowanie poczucia odpowiedzialno\u015bci za lokalne \u015brodowisko, podniesienie poziomu \u015bwiadomo\u015bci oraz wiedzy ekologicznej a tak\u017ce kszta\u0142towanie postaw ekologicznych w zakresie zmian klimatu i zagro\u017ce\u0144 z tym zwi\u0105zanych.<\/li>\n<li>Regulamin dotyczy organizacji 20 wydarze\u0144 edukacyjno &#8211; informacyjnych tzw. mini piknik\u00f3w na terenie plac\u00f3wek o\u015bwiatowych.<\/li>\n<li>Planuje si\u0119, \u017ce ka\u017cde wydarzenie\/ mini piknik trwa\u0107 b\u0119dzie min. 5 godzin zegarowych.<\/li>\n<li>Planuje si\u0119, \u017ce w ka\u017cdym wydarzeniu\/ mini pikniku \u015brednio udzia\u0142 we\u017amie ok. 100 uczni\u00f3w (\u0142\u0105cznie w 20 wydarzeniach min. 2000 uczni\u00f3w).<\/li>\n<li>W dzia\u0142aniu wzi\u0105\u0107 udzia\u0142 mog\u0105 plac\u00f3wki o\u015bwiatowe zlokalizowane na terenie nast\u0119puj\u0105cych wojew\u00f3dztw: kujawsko &#8211; pomorskiego, wielkopolskiego i warmi\u0144sko &#8211; mazurskiego.<\/li>\n<li>Udzia\u0142 plac\u00f3wek o\u015bwiatowych w projekcie, a tak\u017ce organizacja wydarzenia edukacyjnego\/ mini pikniku jest bezp\u0142atna. Stowarzyszenie jest organizacj\u0105 po\u017cytku publicznego i nie pobiera \u017cadnych op\u0142at od odbiorc\u00f3w dzia\u0142ania i nie dysponuje \u015brodkami finansowymi na ewentualny wynajem terenu pod wydarzenie.<\/li>\n<li>Rekrutacja plac\u00f3wek odbywa\u0107 si\u0119 b\u0119dzie poprzez stron\u0119 projektu www.stopzmianomklimatu.org.pl<\/li>\n<li>Organizacja mini pikniku na terenie plac\u00f3wki o\u015bwiatowej poprzedzona by\u0107 musi:<br \/>&#8211; przes\u0142aniem wype\u0142nionej karty zg\u0142oszenia znajduj\u0105cej si\u0119 na stronie projektu www.stopzmianomklimatu.org.pl w zak\u0142adce \u201eMini pikniki.<br \/>Karta sporz\u0105dzona zosta\u0142a w postaci formularza on-line.<\/li>\n<li>Przes\u0142anie karty nie jest jednoznaczne z przyjazdem i organizacj\u0105 mobilnych warsztat\u00f3w na terenie plac\u00f3wki o\u015bwiatowej.<\/li>\n<li>Spo\u015br\u00f3d kart nap\u0142ywaj\u0105cych do biura, organizator (Stowarzyszenie \u201eTilia\u201d) wybierze 20 plac\u00f3wek o\u015bwiatowych zlokalizowanych na terenie wojew\u00f3dztwa kujawsko &#8211; pomorskiego, wielkopolskiego, warmi\u0144sko &#8211; mazurskiego na terenie, kt\u00f3rych zorganizuje wydarzenie edukacyjno &#8211; informacyjne\/ mini piknik.<\/li>\n<li>Na decyzj\u0119 przyjazdu ma wp\u0142yw kolejno\u015b\u0107 nap\u0142ywaj\u0105cych zg\u0142osze\u0144. Dodatkowo pod uwag\u0119 brana b\u0119dzie lokalizacja plac\u00f3wki a tak\u017ce ilo\u015b\u0107 odbiorc\u00f3w.<\/li>\n<li>W przypadku pozytywnej decyzji nawi\u0105zany zostanie kontakt telefoniczny z koordynatorem zdarzenia w celu ustalenia szczeg\u00f3\u0142\u00f3w wizyty.<\/li>\n<li>Wydarzenie edukacyjne\/ mini piknik mo\u017ce zosta\u0107 zorganizowany na zewn\u0105trz, np. na boisku lub terenie zielonym nale\u017c\u0105cym do plac\u00f3wki o\u015bwiatowej, a w przypadku brzydkiej pogody np. w sali gimnastycznej lub holu.<br \/>Uwaga! Monta\u017c stanowiska wymaga pod\u0142\u0105czenia do pr\u0105du.<\/li>\n<li>W sk\u0142ad mobilnego stoiska ekologicznego wchodzi\u0107 b\u0119dzie:<br \/>&#8211; samoch\u00f3d dostawczy typu transit, namioty, sto\u0142y, siedziska, a tak\u017ce nast\u0119puj\u0105ce stanowiska:<br \/>&#8211; stanowisko nr 1 pn. \u201e Ekosystemy wodne i l\u0105dowe\u201d<br \/>&#8211; stanowisko nr 2 pn. \u201eMokrad\u0142a s\u0105 wa\u017cne &#8211; co to s\u0105 us\u0142ugi ekosystemowi\u201d<br \/>&#8211; stanowisko nr 3 pn. \u201eGra planszowa &#8211; Niska emisja\u201d<br \/>&#8211; stanowisko nr 4 pn. \u201eReklama dobrych dla \u015brodowiska i zdrowia ludzi nawyk\u00f3w. Warsztaty edukacyjno-plastyczne\u201d<br \/>&#8211; stanowisko nr 5 stanowi\u0105ce w\u0142a\u015bciwy escape room.<\/li>\n<li>Grupa bior\u0105ca udzia\u0142 w mini pikniku, na terenie danej plac\u00f3wki o\u015bwiatowej, kt\u00f3ra najszybciej, rozwi\u0105\u017ce zagadk\u0119 escape roomu, otrzyma nagrod\u0119 &#8211; upominek w postaci sprz\u0119tu sportowego.<\/li>\n<li>Podczas wydarzenia edukacyjnego\/ mini pikniku wybrani uczniowie szko\u0142y, wsp\u00f3lnie z przedstawicielem Stowarzyszenia, posadz\u0105 na jej terenie m\u0142ode drzewko. Drzewko, oznaczone zostanie tabliczk\u0105 z nazw\u0105 projektu i \u017ar\u00f3d\u0142em finansowania. Na miejscu sadzenia wykonane zostanie pami\u0105tkowe zdj\u0119cie.<\/li>\n<li>Koordynator mini pikniku, wyznaczony przez Dyrektora plac\u00f3wki, wska\u017ce miejsce, w kt\u00f3rym drzewko zostanie posadzone przez uczni\u00f3w.<\/li>\n<li>Ka\u017cda plac\u00f3wka bior\u0105ca udzia\u0142 w wydarzeniu edukacyjnym\/ mini pikniku otrzyma pami\u0105tkowy dyplom.<\/li>\n<li>Mobilne warsztaty obs\u0142ugiwane s\u0105 przez wykwalifikowany personel z wy\u017cszym wykszta\u0142ceniem, posiadaj\u0105cy do\u015bwiadczenie w opracowywaniu i prowadzeniu zaj\u0119\u0107, warsztat\u00f3w dydaktycznych dla dzieci i m\u0142odzie\u017cy, akcji, kampanii w zakresie ekologiczno \u2013 przyrodniczym.<\/li>\n<li>Za przygotowanie terenu, uzyskanie niezb\u0119dnych pozwole\u0144 itp. odpowiedzialny jest podmiot zapraszaj\u0105cy, w osobie koordynatora wyznaczonego przez Dyrekcj\u0119 plac\u00f3wki o\u015bwiatowej.<\/li>\n<li>Plan wyjazd\u00f3w zostanie zamieszczony na stronie projektu www.stopzmianomklimatu.org.pl.<\/li>\n<\/ol>\n<p>&nbsp;<\/p>\n<p>[\/et_pb_text][\/et_pb_column][\/et_pb_row][et_pb_row column_structure=&#8221;1_2,1_2&#8243; _builder_version=&#8221;4.17.4&#8243; _module_preset=&#8221;default&#8221; global_colors_info=&#8221;{}&#8221;][et_pb_column type=&#8221;1_2&#8243; _builder_version=&#8221;4.17.4&#8243; _module_preset=&#8221;default&#8221; global_colors_info=&#8221;{}&#8221;][\/et_pb_column][et_pb_column type=&#8221;1_2&#8243; _builder_version=&#8221;4.17.4&#8243; _module_preset=&#8221;default&#8221; global_colors_info=&#8221;{}&#8221;][\/et_pb_column][\/et_pb_row][et_pb_row column_structure=&#8221;1_2,1_2&#8243; _builder_version=&#8221;4.17.4&#8243; _module_preset=&#8221;default&#8221; custom_padding=&#8221;||0px|||&#8221; global_colors_info=&#8221;{}&#8221;][et_pb_column type=&#8221;1_2&#8243; _builder_version=&#8221;4.17.4&#8243; _module_preset=&#8221;default&#8221; global_colors_info=&#8221;{}&#8221;][\/et_pb_column][et_pb_column type=&#8221;1_2&#8243; _builder_version=&#8221;4.17.4&#8243; _module_preset=&#8221;default&#8221; global_colors_info=&#8221;{}&#8221;][\/et_pb_column][\/et_pb_row][\/et_pb_section]<\/p>\n","protected":false},"excerpt":{"rendered":"<p>Regulamin organizacyjny wydarze\u0144 edukacyjno &#8211; informacyjnych (tzw. mini piknik\u00f3w) organizowanych na terenie plac\u00f3wek o\u015bwiatowych wojew\u00f3dztwa kujawsko &#8211; pomorskiego, wielkopolskiego i warmi\u0144sko &#8211; mazurskiego w ramach projektu pn.&#8221;Ochrona ekosystem\u00f3w &#8211; stop zmianom klimatu\u201d Wydarzenia edukacyjno &#8211; informacyjne zwane dalej mini piknikami organizowane s\u0105 w ramach projektu pn. \u201eOchrona ekosystem\u00f3w &#8211; stop zmianom klimatu\u201d.Projekt realizowany jest w [&hellip;]<\/p>\n","protected":false},"author":3,"featured_media":0,"parent":0,"menu_order":0,"comment_status":"closed","ping_status":"closed","template":"","meta":{"_et_pb_use_builder":"on","_et_pb_old_content":"","_et_gb_content_width":"","inline_featured_image":false,"footnotes":""},"class_list":["post-653","page","type-page","status-publish","hentry"],"_links":{"self":[{"href":"https:\/\/stopzmianomklimatu.org.pl\/index.php\/wp-json\/wp\/v2\/pages\/653","targetHints":{"allow":["GET"]}}],"collection":[{"href":"https:\/\/stopzmianomklimatu.org.pl\/index.php\/wp-json\/wp\/v2\/pages"}],"about":[{"href":"https:\/\/stopzmianomklimatu.org.pl\/index.php\/wp-json\/wp\/v2\/types\/page"}],"author":[{"embeddable":true,"href":"https:\/\/stopzmianomklimatu.org.pl\/index.php\/wp-json\/wp\/v2\/users\/3"}],"replies":[{"embeddable":true,"href":"https:\/\/stopzmianomklimatu.org.pl\/index.php\/wp-json\/wp\/v2\/comments?post=653"}],"version-history":[{"count":4,"href":"https:\/\/stopzmianomklimatu.org.pl\/index.php\/wp-json\/wp\/v2\/pages\/653\/revisions"}],"predecessor-version":[{"id":683,"href":"https:\/\/stopzmianomklimatu.org.pl\/index.php\/wp-json\/wp\/v2\/pages\/653\/revisions\/683"}],"wp:attachment":[{"href":"https:\/\/stopzmianomklimatu.org.pl\/index.php\/wp-json\/wp\/v2\/media?parent=653"}],"curies":[{"name":"wp","href":"https:\/\/api.w.org\/{rel}","templated":true}]}}