{"id":689,"date":"2023-04-06T10:13:08","date_gmt":"2023-04-06T08:13:08","guid":{"rendered":"https:\/\/stopzmianomklimatu.org.pl\/?page_id=689"},"modified":"2023-04-06T10:13:38","modified_gmt":"2023-04-06T08:13:38","slug":"do-pobrania","status":"publish","type":"page","link":"https:\/\/stopzmianomklimatu.org.pl\/index.php\/do-pobrania\/","title":{"rendered":"Do pobrania"},"content":{"rendered":"<p>[et_pb_section fb_built=&#8221;1&#8243; theme_builder_area=&#8221;post_content&#8221; _builder_version=&#8221;4.18.0&#8243; _module_preset=&#8221;default&#8221; custom_padding=&#8221;7px|||||&#8221;][et_pb_row _builder_version=&#8221;4.18.0&#8243; _module_preset=&#8221;default&#8221; theme_builder_area=&#8221;post_content&#8221; column_structure=&#8221;1_2,1_2&#8243;][et_pb_column _builder_version=&#8221;4.18.0&#8243; _module_preset=&#8221;default&#8221; type=&#8221;1_2&#8243; theme_builder_area=&#8221;post_content&#8221;][et_pb_image src=&#8221;https:\/\/stopzmianomklimatu.org.pl\/wp-content\/uploads\/2023\/04\/Plakat-zachecajacy-placowki-do-wziecia-udzialu-pdf.jpg&#8221; _builder_version=&#8221;4.18.0&#8243; _module_preset=&#8221;default&#8221; theme_builder_area=&#8221;post_content&#8221; title_text=&#8221;Plakat zach\u0119caj\u0105cy plac\u00f3wki do wzi\u0119cia udzia\u0142u&#8221; url_new_window=&#8221;on&#8221; url=&#8221;https:\/\/stopzmianomklimatu.org.pl\/wp-content\/uploads\/2023\/04\/Plakat-zachecajacy-placowki-do-wziecia-udzialu.pdf&#8221; hover_enabled=&#8221;0&#8243; sticky_enabled=&#8221;0&#8243; width=&#8221;80%&#8221; align=&#8221;center&#8221;][\/et_pb_image][\/et_pb_column][et_pb_column _builder_version=&#8221;4.18.0&#8243; _module_preset=&#8221;default&#8221; type=&#8221;1_2&#8243; theme_builder_area=&#8221;post_content&#8221;][et_pb_image src=&#8221;https:\/\/stopzmianomklimatu.org.pl\/wp-content\/uploads\/2023\/04\/plakat-do-szkol-pdf.jpg&#8221; _builder_version=&#8221;4.18.0&#8243; _module_preset=&#8221;default&#8221; theme_builder_area=&#8221;post_content&#8221; title_text=&#8221;plakat do szk\u00f3\u0142&#8221; url=&#8221;https:\/\/stopzmianomklimatu.org.pl\/wp-content\/uploads\/2023\/04\/Plakat-zachecajacy-placowki-do-wziecia-udzialu.pdf&#8221; url_new_window=&#8221;on&#8221; hover_enabled=&#8221;0&#8243; sticky_enabled=&#8221;0&#8243; width=&#8221;80%&#8221; module_alignment=&#8221;center&#8221;][\/et_pb_image][\/et_pb_column][\/et_pb_row][\/et_pb_section]<\/p>\n","protected":false},"excerpt":{"rendered":"","protected":false},"author":3,"featured_media":0,"parent":0,"menu_order":0,"comment_status":"closed","ping_status":"closed","template":"","meta":{"_et_pb_use_builder":"on","_et_pb_old_content":"","_et_gb_content_width":"","inline_featured_image":false,"footnotes":""},"class_list":["post-689","page","type-page","status-publish","hentry"],"_links":{"self":[{"href":"https:\/\/stopzmianomklimatu.org.pl\/index.php\/wp-json\/wp\/v2\/pages\/689","targetHints":{"allow":["GET"]}}],"collection":[{"href":"https:\/\/stopzmianomklimatu.org.pl\/index.php\/wp-json\/wp\/v2\/pages"}],"about":[{"href":"https:\/\/stopzmianomklimatu.org.pl\/index.php\/wp-json\/wp\/v2\/types\/page"}],"author":[{"embeddable":true,"href":"https:\/\/stopzmianomklimatu.org.pl\/index.php\/wp-json\/wp\/v2\/users\/3"}],"replies":[{"embeddable":true,"href":"https:\/\/stopzmianomklimatu.org.pl\/index.php\/wp-json\/wp\/v2\/comments?post=689"}],"version-history":[{"count":3,"href":"https:\/\/stopzmianomklimatu.org.pl\/index.php\/wp-json\/wp\/v2\/pages\/689\/revisions"}],"predecessor-version":[{"id":695,"href":"https:\/\/stopzmianomklimatu.org.pl\/index.php\/wp-json\/wp\/v2\/pages\/689\/revisions\/695"}],"wp:attachment":[{"href":"https:\/\/stopzmianomklimatu.org.pl\/index.php\/wp-json\/wp\/v2\/media?parent=689"}],"curies":[{"name":"wp","href":"https:\/\/api.w.org\/{rel}","templated":true}]}}