{"id":750,"date":"2023-06-05T11:17:35","date_gmt":"2023-06-05T09:17:35","guid":{"rendered":"https:\/\/stopzmianomklimatu.org.pl\/?page_id=750"},"modified":"2023-06-05T11:44:52","modified_gmt":"2023-06-05T09:44:52","slug":"maj-2023","status":"publish","type":"page","link":"https:\/\/stopzmianomklimatu.org.pl\/index.php\/maj-2023\/","title":{"rendered":"maj 2023"},"content":{"rendered":"<p>[et_pb_section fb_built=&#8221;1&#8243; _builder_version=&#8221;4.21.0&#8243; _module_preset=&#8221;default&#8221; custom_padding=&#8221;1px|||||&#8221; global_colors_info=&#8221;{}&#8221; theme_builder_area=&#8221;post_content&#8221;][et_pb_row _builder_version=&#8221;4.21.0&#8243; _module_preset=&#8221;default&#8221; global_colors_info=&#8221;{}&#8221; theme_builder_area=&#8221;post_content&#8221;][et_pb_column type=&#8221;4_4&#8243; _builder_version=&#8221;4.21.0&#8243; _module_preset=&#8221;default&#8221; global_colors_info=&#8221;{}&#8221; theme_builder_area=&#8221;post_content&#8221;][et_pb_text _builder_version=&#8221;4.21.0&#8243; _module_preset=&#8221;default&#8221; global_colors_info=&#8221;{}&#8221; theme_builder_area=&#8221;post_content&#8221;]<\/p>\n<h2>Kwiecie\u0144 2023<\/h2>\n<p>[\/et_pb_text][\/et_pb_column][\/et_pb_row][et_pb_row _builder_version=&#8221;4.21.0&#8243; _module_preset=&#8221;default&#8221; global_colors_info=&#8221;{}&#8221; theme_builder_area=&#8221;post_content&#8221;][et_pb_column type=&#8221;4_4&#8243; _builder_version=&#8221;4.21.0&#8243; _module_preset=&#8221;default&#8221; global_colors_info=&#8221;{}&#8221; theme_builder_area=&#8221;post_content&#8221;][et_pb_text _builder_version=&#8221;4.21.0&#8243; _module_preset=&#8221;default&#8221; hover_enabled=&#8221;0&#8243; global_colors_info=&#8221;{}&#8221; theme_builder_area=&#8221;post_content&#8221; sticky_enabled=&#8221;0&#8243;]<\/p>\n<table style=\"height: 128px; width: 100%; border-collapse: collapse;\" border=\"1\">\n<tbody>\n<tr style=\"height: 56px;\">\n<td style=\"width: 5%; height: 56px; text-align: center;\"><strong>Lp.<\/strong><\/td>\n<td style=\"width: 15%; height: 56px; text-align: center;\"><strong>Termin<\/strong><\/td>\n<td style=\"width: 15%; height: 56px; text-align: center;\"><strong>Gmina<\/strong><\/td>\n<td style=\"width: 15%; height: 56px; text-align: center;\"><strong>Powiat<\/strong><\/td>\n<td style=\"width: 20%; height: 56px; text-align: center;\"><strong>Wojew\u00f3dztwo<\/strong><\/td>\n<td style=\"width: 30%; height: 56px; text-align: center;\"><strong>Plac\u00f3wka<\/strong><\/td>\n<\/tr>\n<tr style=\"height: 24px;\">\n<td style=\"width: 5%; height: 24px;\">1.<\/td>\n<td style=\"width: 15%; height: 24px;\">24.04.2023<\/td>\n<td style=\"width: 15%; height: 24px;\">Osielsko<\/td>\n<td style=\"width: 15%; height: 24px;\">bydgoski<\/td>\n<td style=\"width: 20%;\" width=\"161\">kujawsko &#8211; pomorskie<\/td>\n<td style=\"width: 30%; height: 24px;\">Szko\u0142a Podstawowa im. Janusza Korczaka w \u017bo\u0142\u0119dowie<\/td>\n<\/tr>\n<tr style=\"height: 24px;\">\n<td style=\"width: 5%; height: 24px;\">2.<\/td>\n<td style=\"width: 15%; height: 24px;\">26.04.2023<\/td>\n<td style=\"width: 15%; height: 24px;\">Kik\u00f3\u0142<\/td>\n<td style=\"width: 15%;\" width=\"85\">lipnowski<\/td>\n<td style=\"width: 20%;\" width=\"161\">kujawsko &#8211; pomorskie<\/td>\n<td style=\"width: 30%; height: 24px;\">Zesp\u00f3\u0142 Szkolno &#8211; Przedszkolny w Kikole<\/td>\n<\/tr>\n<tr style=\"height: 24px;\">\n<td style=\"width: 5%; height: 24px;\">3.<\/td>\n<td style=\"width: 15%; height: 24px;\">28.04.2023<\/td>\n<td style=\"width: 15%; height: 24px;\">Grudzi\u0105dz<\/td>\n<td style=\"width: 15%; height: 24px;\">grudzi\u0105dzki<\/td>\n<td style=\"width: 20%;\" width=\"161\">kujawsko &#8211; pomorskie<\/td>\n<td style=\"width: 30%; height: 24px;\">Szko\u0142a Podstawowa im. Stanis\u0142awa Broniewskiego &#8222;Orszy&#8221; w Wa\u0142dowie Szlacheckim<\/td>\n<\/tr>\n<tr>\n<td style=\"width: 5%;\">4.<\/td>\n<td style=\"width: 15%;\" width=\"85\">\n<p>15.05.2023<\/p>\n<\/td>\n<td style=\"width: 15%;\" width=\"123\">\n<p>Nidzica<\/p>\n<\/td>\n<td style=\"width: 15%;\" width=\"142\">\n<p>nidzicki<\/p>\n<\/td>\n<td style=\"width: 20%;\" width=\"161\">\n<p>warmi\u0144sko &#8211; mazurskie<\/p>\n<\/td>\n<td style=\"width: 30%;\" width=\"435\">\n<p>Szko\u0142a Podstawowa im. Jana Paw\u0142a II w Napiwodzie<\/p>\n<\/td>\n<\/tr>\n<tr>\n<td style=\"width: 5%;\">5.<\/td>\n<td style=\"width: 15%;\" width=\"85\">\n<p>17.05.2023<\/p>\n<\/td>\n<td style=\"width: 15%;\" width=\"123\">\n<p>Srokowo<\/p>\n<\/td>\n<td style=\"width: 15%;\" width=\"142\">\n<p>k\u0119trzy\u0144ski<\/p>\n<\/td>\n<td style=\"width: 20%;\" width=\"161\">\n<p>warmi\u0144sko &#8211; mazurskie<\/p>\n<\/td>\n<td style=\"width: 30%;\" width=\"435\">\n<p>Szko\u0142a Podstawowa im. Prof. Stanis\u0142awa Sarokowskiego w Srokowie<\/p>\n<\/td>\n<\/tr>\n<tr>\n<td style=\"width: 5%;\">6.<\/td>\n<td style=\"width: 15%;\" width=\"85\">\n<p>19.05.2023<\/p>\n<\/td>\n<td style=\"width: 15%;\" width=\"123\">\n<p>Ciechocinek<\/p>\n<\/td>\n<td style=\"width: 15%;\" width=\"142\">\n<p>aleksandrowski<\/p>\n<\/td>\n<td style=\"width: 20%;\" width=\"161\">\n<p>kujawsko &#8211; pomorskie<\/p>\n<\/td>\n<td style=\"width: 30%;\" width=\"435\">\n<p>Szko\u0142a Podstawowa nr 1 w Ciechocinku<\/p>\n<\/td>\n<\/tr>\n<tr>\n<td style=\"width: 5%;\">7.<\/td>\n<td style=\"width: 15%;\" width=\"85\">\n<p>22.05.2023<\/p>\n<\/td>\n<td style=\"width: 15%;\" width=\"123\">\n<p>Go\u015blinowo<\/p>\n<\/td>\n<td style=\"width: 15%;\" width=\"142\">\n<p>gnie\u017anie\u0144ski<\/p>\n<\/td>\n<td style=\"width: 20%;\" width=\"161\">\n<p>wielkopolskie<\/p>\n<\/td>\n<td style=\"width: 30%;\" width=\"435\">\n<p>Szko\u0142a Podstawowa im. Obro\u0144c\u00f3w Gniezna i Ziemi Gnie\u017anie\u0144skiej w Go\u015blinowie<\/p>\n<\/td>\n<\/tr>\n<tr>\n<td style=\"width: 5%;\">8.<\/td>\n<td style=\"width: 15%;\" width=\"85\">\n<p>26.05.2023<\/p>\n<\/td>\n<td style=\"width: 15%;\" width=\"123\">\n<p>Kleszczewo<\/p>\n<\/td>\n<td style=\"width: 15%;\" width=\"142\">\n<p>pozna\u0144ski<\/p>\n<\/td>\n<td style=\"width: 20%;\" width=\"161\">\n<p>wielkopolskie<\/p>\n<\/td>\n<td style=\"width: 30%;\" width=\"435\">\n<p>Zesp\u00f3\u0142 Szk\u00f3\u0142 w Kleszczewie<\/p>\n<\/td>\n<\/tr>\n<tr>\n<td style=\"width: 5%;\">9.<\/td>\n<td style=\"width: 15%;\" width=\"85\">\n<p>29.05.2023<\/p>\n<\/td>\n<td style=\"width: 15%;\" width=\"123\">\n<p>Kazimierz Biskupi<\/p>\n<\/td>\n<td style=\"width: 15%;\" width=\"142\">\n<p>koni\u0144ski<\/p>\n<\/td>\n<td style=\"width: 20%;\" width=\"161\">\n<p>wielkopolskie<\/p>\n<\/td>\n<td style=\"width: 30%;\" width=\"435\">\n<p>Zesp\u00f3\u0142 Szkolno &#8211; Przedszkolny w Kozarzewie<\/p>\n<\/td>\n<\/tr>\n<tr>\n<td style=\"width: 5%;\">10.<\/td>\n<td style=\"width: 15%;\" width=\"85\">\n<p>31.05.2023<\/p>\n<\/td>\n<td style=\"width: 15%;\" width=\"123\">\n<p>Che\u0142mno<\/p>\n<\/td>\n<td style=\"width: 15%;\" width=\"142\">\n<p>che\u0142mi\u0144ski<\/p>\n<\/td>\n<td style=\"width: 20%;\" width=\"161\">\n<p>kujawsko &#8211; pomorskie<\/p>\n<\/td>\n<td style=\"width: 30%;\" width=\"435\">\n<p>Szko\u0142a Podstawowa nr 1 im. Filomat\u00f3w Pomorskich w Che\u0142mnie<\/p>\n<\/td>\n<\/tr>\n<\/tbody>\n<\/table>\n<p>&nbsp;<\/p>\n<p>[\/et_pb_text][\/et_pb_column][\/et_pb_row][\/et_pb_section]<\/p>\n","protected":false},"excerpt":{"rendered":"<p>Kwiecie\u0144 2023 Lp. Termin Gmina Powiat Wojew\u00f3dztwo Plac\u00f3wka 1. 24.04.2023 Osielsko bydgoski kujawsko &#8211; pomorskie Szko\u0142a Podstawowa im. Janusza Korczaka w \u017bo\u0142\u0119dowie 2. 26.04.2023 Kik\u00f3\u0142 lipnowski kujawsko &#8211; pomorskie Zesp\u00f3\u0142 Szkolno &#8211; Przedszkolny w Kikole 3. 28.04.2023 Grudzi\u0105dz grudzi\u0105dzki kujawsko &#8211; pomorskie Szko\u0142a Podstawowa im. Stanis\u0142awa Broniewskiego &#8222;Orszy&#8221; w Wa\u0142dowie Szlacheckim 4. 15.05.2023 Nidzica nidzicki [&hellip;]<\/p>\n","protected":false},"author":3,"featured_media":0,"parent":0,"menu_order":0,"comment_status":"closed","ping_status":"closed","template":"","meta":{"_et_pb_use_builder":"on","_et_pb_old_content":"","_et_gb_content_width":"","inline_featured_image":false,"footnotes":""},"class_list":["post-750","page","type-page","status-publish","hentry"],"_links":{"self":[{"href":"https:\/\/stopzmianomklimatu.org.pl\/index.php\/wp-json\/wp\/v2\/pages\/750","targetHints":{"allow":["GET"]}}],"collection":[{"href":"https:\/\/stopzmianomklimatu.org.pl\/index.php\/wp-json\/wp\/v2\/pages"}],"about":[{"href":"https:\/\/stopzmianomklimatu.org.pl\/index.php\/wp-json\/wp\/v2\/types\/page"}],"author":[{"embeddable":true,"href":"https:\/\/stopzmianomklimatu.org.pl\/index.php\/wp-json\/wp\/v2\/users\/3"}],"replies":[{"embeddable":true,"href":"https:\/\/stopzmianomklimatu.org.pl\/index.php\/wp-json\/wp\/v2\/comments?post=750"}],"version-history":[{"count":2,"href":"https:\/\/stopzmianomklimatu.org.pl\/index.php\/wp-json\/wp\/v2\/pages\/750\/revisions"}],"predecessor-version":[{"id":767,"href":"https:\/\/stopzmianomklimatu.org.pl\/index.php\/wp-json\/wp\/v2\/pages\/750\/revisions\/767"}],"wp:attachment":[{"href":"https:\/\/stopzmianomklimatu.org.pl\/index.php\/wp-json\/wp\/v2\/media?parent=750"}],"curies":[{"name":"wp","href":"https:\/\/api.w.org\/{rel}","templated":true}]}}