{"id":754,"date":"2023-06-05T11:25:10","date_gmt":"2023-06-05T09:25:10","guid":{"rendered":"https:\/\/stopzmianomklimatu.org.pl\/?page_id=754"},"modified":"2023-06-05T11:46:54","modified_gmt":"2023-06-05T09:46:54","slug":"czerwiec-2023","status":"publish","type":"page","link":"https:\/\/stopzmianomklimatu.org.pl\/index.php\/czerwiec-2023\/","title":{"rendered":"czerwiec 2023"},"content":{"rendered":"<p>[et_pb_section fb_built=&#8221;1&#8243; _builder_version=&#8221;4.21.0&#8243; _module_preset=&#8221;default&#8221; custom_padding=&#8221;1px|||||&#8221; global_colors_info=&#8221;{}&#8221;][et_pb_row _builder_version=&#8221;4.21.0&#8243; _module_preset=&#8221;default&#8221; global_colors_info=&#8221;{}&#8221;][et_pb_column type=&#8221;4_4&#8243; _builder_version=&#8221;4.21.0&#8243; _module_preset=&#8221;default&#8221; global_colors_info=&#8221;{}&#8221;][et_pb_text _builder_version=&#8221;4.21.0&#8243; _module_preset=&#8221;default&#8221; hover_enabled=&#8221;0&#8243; global_colors_info=&#8221;{}&#8221; sticky_enabled=&#8221;0&#8243;]<\/p>\n<h2>Czerwiec 2023<\/h2>\n<p>[\/et_pb_text][\/et_pb_column][\/et_pb_row][et_pb_row _builder_version=&#8221;4.21.0&#8243; _module_preset=&#8221;default&#8221; global_colors_info=&#8221;{}&#8221;][et_pb_column type=&#8221;4_4&#8243; _builder_version=&#8221;4.21.0&#8243; _module_preset=&#8221;default&#8221; global_colors_info=&#8221;{}&#8221;][et_pb_text _builder_version=&#8221;4.21.0&#8243; _module_preset=&#8221;default&#8221; hover_enabled=&#8221;0&#8243; global_colors_info=&#8221;{}&#8221; sticky_enabled=&#8221;0&#8243;]<\/p>\n<table style=\"height: 128px; width: 100%; border-collapse: collapse;\" border=\"1\">\n<tbody>\n<tr style=\"height: 56px;\">\n<td style=\"width: 5%; height: 56px; text-align: center;\"><strong>Lp.<\/strong><\/td>\n<td style=\"width: 15%; height: 56px; text-align: center;\"><strong>Termin<\/strong><\/td>\n<td style=\"width: 15%; height: 56px; text-align: center;\"><strong>Gmina<\/strong><\/td>\n<td style=\"width: 15%; height: 56px; text-align: center;\"><strong>Powiat<\/strong><\/td>\n<td style=\"width: 20%; height: 56px; text-align: center;\"><strong>Wojew\u00f3dztwo<\/strong><\/td>\n<td style=\"width: 30%; height: 56px; text-align: center;\"><strong>Plac\u00f3wka<\/strong><\/td>\n<\/tr>\n<tr style=\"height: 24px;\">\n<td style=\"width: 5%; height: 24px;\">1.<\/td>\n<td style=\"width: 15%;\" width=\"85\">\n<p>02.06.2023<\/p>\n<\/td>\n<td style=\"width: 15%;\" width=\"95\">\n<p>Trzemeszno<\/p>\n<\/td>\n<td style=\"width: 15%;\" width=\"85\">\n<p>gnie\u017anie\u0144ski<\/p>\n<\/td>\n<td style=\"width: 20%;\" width=\"170\">\n<p>wielkopolskie<\/p>\n<\/td>\n<td style=\"width: 30%;\" width=\"444\">\n<p>Zesp\u00f3\u0142 Szk\u00f3\u0142 Og\u00f3lnokszta\u0142c\u0105cych i Zawodowych w Trzemesznie<\/p>\n<\/td>\n<\/tr>\n<tr style=\"height: 24px;\">\n<td style=\"width: 5%; height: 24px;\">2.<\/td>\n<td style=\"width: 15%;\" width=\"85\">\n<p>05.06.2023<\/p>\n<\/td>\n<td style=\"width: 15%;\" width=\"95\">\n<p>Szubin<\/p>\n<\/td>\n<td style=\"width: 15%;\" width=\"85\">\n<p>nakielski<\/p>\n<\/td>\n<td style=\"width: 20%;\" width=\"170\">\n<p>kujawsko &#8211; pomorskie<\/p>\n<\/td>\n<td style=\"width: 30%;\" width=\"444\">\n<p>Szko\u0142a Podstawowa w Szubinie<\/p>\n<\/td>\n<\/tr>\n<tr style=\"height: 24px;\">\n<td style=\"width: 5%; height: 24px;\">3.<\/td>\n<td style=\"width: 15%;\" width=\"85\">\n<p>07.06.2023<\/p>\n<\/td>\n<td style=\"width: 15%;\" width=\"95\">\n<p>Rogowo<\/p>\n<\/td>\n<td style=\"width: 15%;\" width=\"85\">\n<p>rypi\u0144ski<\/p>\n<\/td>\n<td style=\"width: 20%;\" width=\"170\">\n<p>kujawsko &#8211; pomorskie<\/p>\n<\/td>\n<td style=\"width: 30%;\" width=\"444\">\n<p>Zesp\u00f3\u0142 Szk\u00f3\u0142 Centrum Kszta\u0142cenia Rolniczego im. Ziemi Dobrzy\u0144skiej<\/p>\n<\/td>\n<\/tr>\n<tr>\n<td style=\"width: 5%;\">4.<\/td>\n<td style=\"width: 15%;\" width=\"85\">\n<p>12.06.2023<\/p>\n<\/td>\n<td style=\"width: 15%;\" width=\"95\">\n<p>Cekcyn<\/p>\n<\/td>\n<td style=\"width: 15%;\" width=\"85\">\n<p>tucholski<\/p>\n<\/td>\n<td style=\"width: 20%;\" width=\"170\">\n<p>kujawsko &#8211; pomorskie<\/p>\n<\/td>\n<td style=\"width: 30%;\" width=\"444\">\n<p>Szko\u0142a Podstawowa w Cekcynie<\/p>\n<\/td>\n<\/tr>\n<tr>\n<td style=\"width: 5%;\">5.<\/td>\n<td style=\"width: 15%;\" width=\"85\">\n<p>14.06.2023<\/p>\n<\/td>\n<td style=\"width: 15%;\" width=\"95\">\n<p>Dzia\u0142dowo<\/p>\n<\/td>\n<td style=\"width: 15%;\" width=\"85\">\n<p>dzia\u0142dowski<\/p>\n<\/td>\n<td style=\"width: 20%;\" width=\"170\">\n<p>warmi\u0144sko &#8211; mazurskie<\/p>\n<\/td>\n<td style=\"width: 30%;\" width=\"444\">\n<p>Szko\u0142a Podstawowa im. Janusza Korczaka<\/p>\n<\/td>\n<\/tr>\n<tr>\n<td style=\"width: 5%;\">6.<\/td>\n<td style=\"width: 15%;\" width=\"85\">\n<p>16.06.2023<\/p>\n<\/td>\n<td style=\"width: 15%;\" width=\"95\">\n<p>Ksi\u0105\u017cki<\/p>\n<\/td>\n<td style=\"width: 15%;\" width=\"85\">\n<p>w\u0105brzeski<\/p>\n<\/td>\n<td style=\"width: 20%;\" width=\"170\">\n<p>kujawsko &#8211; pomorskie<\/p>\n<\/td>\n<td style=\"width: 30%;\" width=\"444\">\n<p>Szko\u0142a Podstawowa i Przedszkole im. Henryka Sienkiewicza<\/p>\n<\/td>\n<\/tr>\n<tr>\n<td style=\"width: 5%;\">7.<\/td>\n<td style=\"width: 15%;\" width=\"85\">\n<p>19.09.2023<\/p>\n<\/td>\n<td style=\"width: 15%;\" width=\"95\">\n<p>Kowal<\/p>\n<\/td>\n<td style=\"width: 15%;\" width=\"85\">\n<p>w\u0142oc\u0142awski<\/p>\n<\/td>\n<td style=\"width: 20%;\" width=\"170\">\n<p>kujawsko &#8211; pomorskie<\/p>\n<\/td>\n<td style=\"width: 30%;\" width=\"444\">\n<p>Zesp\u00f3\u0142 Szkolno &#8211; Przedszkolny<\/p>\n<\/td>\n<\/tr>\n<\/tbody>\n<\/table>\n<p>&nbsp;<\/p>\n<p>[\/et_pb_text][\/et_pb_column][\/et_pb_row][\/et_pb_section]<\/p>\n","protected":false},"excerpt":{"rendered":"<p>Czerwiec 2023 Lp. Termin Gmina Powiat Wojew\u00f3dztwo Plac\u00f3wka 1. 02.06.2023 Trzemeszno gnie\u017anie\u0144ski wielkopolskie Zesp\u00f3\u0142 Szk\u00f3\u0142 Og\u00f3lnokszta\u0142c\u0105cych i Zawodowych w Trzemesznie 2. 05.06.2023 Szubin nakielski kujawsko &#8211; pomorskie Szko\u0142a Podstawowa w Szubinie 3. 07.06.2023 Rogowo rypi\u0144ski kujawsko &#8211; pomorskie Zesp\u00f3\u0142 Szk\u00f3\u0142 Centrum Kszta\u0142cenia Rolniczego im. Ziemi Dobrzy\u0144skiej 4. 12.06.2023 Cekcyn tucholski kujawsko &#8211; pomorskie Szko\u0142a Podstawowa [&hellip;]<\/p>\n","protected":false},"author":3,"featured_media":0,"parent":0,"menu_order":0,"comment_status":"closed","ping_status":"closed","template":"","meta":{"_et_pb_use_builder":"on","_et_pb_old_content":"","_et_gb_content_width":"","inline_featured_image":false,"footnotes":""},"class_list":["post-754","page","type-page","status-publish","hentry"],"_links":{"self":[{"href":"https:\/\/stopzmianomklimatu.org.pl\/index.php\/wp-json\/wp\/v2\/pages\/754","targetHints":{"allow":["GET"]}}],"collection":[{"href":"https:\/\/stopzmianomklimatu.org.pl\/index.php\/wp-json\/wp\/v2\/pages"}],"about":[{"href":"https:\/\/stopzmianomklimatu.org.pl\/index.php\/wp-json\/wp\/v2\/types\/page"}],"author":[{"embeddable":true,"href":"https:\/\/stopzmianomklimatu.org.pl\/index.php\/wp-json\/wp\/v2\/users\/3"}],"replies":[{"embeddable":true,"href":"https:\/\/stopzmianomklimatu.org.pl\/index.php\/wp-json\/wp\/v2\/comments?post=754"}],"version-history":[{"count":4,"href":"https:\/\/stopzmianomklimatu.org.pl\/index.php\/wp-json\/wp\/v2\/pages\/754\/revisions"}],"predecessor-version":[{"id":969,"href":"https:\/\/stopzmianomklimatu.org.pl\/index.php\/wp-json\/wp\/v2\/pages\/754\/revisions\/969"}],"wp:attachment":[{"href":"https:\/\/stopzmianomklimatu.org.pl\/index.php\/wp-json\/wp\/v2\/media?parent=754"}],"curies":[{"name":"wp","href":"https:\/\/api.w.org\/{rel}","templated":true}]}}