{"id":8,"date":"2022-06-09T01:58:25","date_gmt":"2022-06-08T23:58:25","guid":{"rendered":"http:\/\/stopzmianomklimatu.org.pl\/?page_id=8"},"modified":"2024-11-08T15:54:21","modified_gmt":"2024-11-08T14:54:21","slug":"strona-glowna","status":"publish","type":"page","link":"https:\/\/stopzmianomklimatu.org.pl\/","title":{"rendered":"Strona g\u0142\u00f3wna"},"content":{"rendered":"<p>[et_pb_section fb_built=&#8221;1&#8243; _builder_version=&#8221;4.17.4&#8243; _module_preset=&#8221;default&#8221; custom_margin=&#8221;0px||||false|false&#8221; custom_padding=&#8221;0px||2px||false|false&#8221; global_colors_info=&#8221;{}&#8221;][et_pb_row column_structure=&#8221;1_3,2_3&#8243; make_equal=&#8221;on&#8221; disabled_on=&#8221;on|on|off&#8221; _builder_version=&#8221;4.17.4&#8243; _module_preset=&#8221;default&#8221; max_width=&#8221;2560px&#8221; custom_margin=&#8221;-8px|auto||auto||&#8221; custom_padding=&#8221;6px||4px|||&#8221; custom_css_main_element=&#8221; display: flex;||  height: 100%;&#8221; global_colors_info=&#8221;{}&#8221;][et_pb_column type=&#8221;1_3&#8243; _builder_version=&#8221;4.17.4&#8243; _module_preset=&#8221;default&#8221; custom_css_main_element=&#8221;display: flex;||||    flex-direction: column;||    justify-content: flex-end;&#8221; global_colors_info=&#8221;{}&#8221;][et_pb_image src=&#8221;https:\/\/stopzmianomklimatu.org.pl\/wp-content\/uploads\/2022\/06\/Zrzut-ekranu-2022-06-22-o-22.15.30.png&#8221; title_text=&#8221;Zrzut ekranu 2022-06-22 o 22.15.30&#8243; _builder_version=&#8221;4.18.0&#8243; _module_preset=&#8221;default&#8221; width=&#8221;90%&#8221; custom_margin=&#8221;0px|8px|2px|8px|false|false&#8221; custom_padding=&#8221;0px|8px|23px|8px|false|false&#8221; global_colors_info=&#8221;{}&#8221;][\/et_pb_image][et_pb_image src=&#8221;https:\/\/stopzmianomklimatu.org.pl\/wp-content\/uploads\/2022\/06\/Zrzut-ekranu-2022-06-9-o-02.21.01.png&#8221; title_text=&#8221;Klimat a lasy&#8221; url=&#8221;@ET-DC@eyJkeW5hbWljIjp0cnVlLCJjb250ZW50IjoicG9zdF9saW5rX3VybF9wYWdlIiwic2V0dGluZ3MiOnsicG9zdF9pZCI6IjM3OSJ9fQ==@&#8221; _builder_version=&#8221;4.17.4&#8243; _dynamic_attributes=&#8221;url&#8221; _module_preset=&#8221;default&#8221; custom_margin=&#8221;0px||0px||true|false&#8221; custom_padding=&#8221;0px||0px||true|false&#8221; custom_css_main_element=&#8221;display: inline-block;||  align-self: flex-end;||cursor: pointer;&#8221; global_colors_info=&#8221;{}&#8221;][\/et_pb_image][et_pb_image src=&#8221;https:\/\/stopzmianomklimatu.org.pl\/wp-content\/uploads\/2022\/06\/Zrzut-ekranu-2022-06-9-o-02.21.13.png&#8221; alt=&#8221;Klimat a mokrad\u0142a&#8221; title_text=&#8221;Klimat a mokrad\u0142a&#8221; url=&#8221;@ET-DC@eyJkeW5hbWljIjp0cnVlLCJjb250ZW50IjoicG9zdF9saW5rX3VybF9wYWdlIiwic2V0dGluZ3MiOnsicG9zdF9pZCI6IjQxMyJ9fQ==@&#8221; _builder_version=&#8221;4.17.4&#8243; _dynamic_attributes=&#8221;url&#8221; _module_preset=&#8221;default&#8221; custom_margin=&#8221;2px||0px||false|false&#8221; custom_css_main_element=&#8221;display: inline-block;||  align-self: flex-end;||cursor: pointer;&#8221; global_colors_info=&#8221;{}&#8221;][\/et_pb_image][et_pb_image src=&#8221;https:\/\/stopzmianomklimatu.org.pl\/wp-content\/uploads\/2022\/06\/Zrzut-ekranu-2022-06-9-o-02.21.20.png&#8221; alt=&#8221;Miasto a klimat&#8221; title_text=&#8221;Miasto a klimat&#8221; url=&#8221;@ET-DC@eyJkeW5hbWljIjp0cnVlLCJjb250ZW50IjoicG9zdF9saW5rX3VybF9wYWdlIiwic2V0dGluZ3MiOnsicG9zdF9pZCI6IjMzOCJ9fQ==@&#8221; _builder_version=&#8221;4.17.4&#8243; _dynamic_attributes=&#8221;url&#8221; _module_preset=&#8221;default&#8221; custom_css_main_element=&#8221;display: inline-block;||  align-self: flex-end;||cursor: pointer;&#8221; global_colors_info=&#8221;{}&#8221;][\/et_pb_image][\/et_pb_column][et_pb_column type=&#8221;2_3&#8243; _builder_version=&#8221;4.17.4&#8243; _module_preset=&#8221;default&#8221; global_colors_info=&#8221;{}&#8221;][et_pb_text _builder_version=&#8221;4.17.4&#8243; _dynamic_attributes=&#8221;link_option_url&#8221; _module_preset=&#8221;default&#8221; text_font=&#8221;|700|||||||&#8221; text_text_color=&#8221;#007BB7&#8243; text_font_size=&#8221;24px&#8221; background_color=&#8221;#007BB7&#8243; custom_margin=&#8221;||10px|||&#8221; custom_padding=&#8221;10px|10px|10px|10px|false|false&#8221; link_option_url=&#8221;@ET-DC@eyJkeW5hbWljIjp0cnVlLCJjb250ZW50IjoicG9zdF9saW5rX3VybF9wYWdlIiwic2V0dGluZ3MiOnsicG9zdF9pZCI6IjM5NCJ9fQ==@&#8221; border_width_all=&#8221;1px&#8221; border_color_all=&#8221;RGBA(255,255,255,0)&#8221; global_colors_info=&#8221;{}&#8221;]<\/p>\n<p class=\"p1\" style=\"text-align: center;\"><span style=\"color: #ffffff;\">KLIMAT &#8211; dlaczego to jest wa\u017cne?<\/span><\/p>\n<p>[\/et_pb_text][et_pb_slider use_bg_overlay=&#8221;off&#8221; _builder_version=&#8221;4.17.4&#8243; _module_preset=&#8221;default&#8221; background_color=&#8221;RGBA(255,255,255,0)&#8221; background_enable_image=&#8221;off&#8221; height=&#8221;400px&#8221; height_tablet=&#8221;400px&#8221; height_phone=&#8221;400px&#8221; height_last_edited=&#8221;on|phone&#8221; custom_margin=&#8221;||0px|||&#8221; global_colors_info=&#8221;{}&#8221;][et_pb_slide _builder_version=&#8221;4.17.4&#8243; _dynamic_attributes=&#8221;link_option_url&#8221; _module_preset=&#8221;default&#8221; background_enable_color=&#8221;off&#8221; background_image=&#8221;https:\/\/stopzmianomklimatu.org.pl\/wp-content\/uploads\/2022\/06\/slider-1-kopia-1.jpg&#8221; background_enable_image=&#8221;on&#8221; width=&#8221;100%&#8221; max_width=&#8221;100%&#8221; custom_padding=&#8221;20px|20px|20px|20px|true|true&#8221; custom_padding_tablet=&#8221;20px|20px|20px|20px|true|true&#8221; custom_padding_phone=&#8221;20px|20px|20px|20px|true|true&#8221; custom_padding_last_edited=&#8221;on|phone&#8221; link_option_url=&#8221;@ET-DC@eyJkeW5hbWljIjp0cnVlLCJjb250ZW50IjoicG9zdF9saW5rX3VybF9wYWdlIiwic2V0dGluZ3MiOnsicG9zdF9pZCI6IjM3OSJ9fQ==@&#8221; global_colors_info=&#8221;{}&#8221; sticky_transition=&#8221;on&#8221;]<\/p>\n<table style=\"border: none; width: 100%;\" border=\"0\">\n<tbody>\n<tr>\n<td style=\"width: 50%; border: none;\"><\/td>\n<td style=\"width: 50%; ; border: none;\">\n<div style=\"position: relative; width: 30%; margin: 30px auto;\"><img loading=\"lazy\" decoding=\"async\" width=\"300\" height=\"254\" src=\"https:\/\/stopzmianomklimatu.org.pl\/wp-content\/uploads\/2022\/06\/drzewa-logo-stop-zmiana-300x254.png\" alt=\"\" class=\"wp-image-41 alignnone size-medium\" style=\"width: 100%; margin: 0 auto;\" \/><\/div>\n<div style=\"border: 2px solid white; padding: 10px 20px; width: auto; margin: 20px auto; text-align: center;\">\n<p><span style=\"font-family: Raleway; font-weight: 900; font-size: 30px; text-transform: uppercase;\">Klimat<\/span><span style=\"font-family: Raleway; font-weight: 500; font-size: 30px; text-transform: uppercase;\"> a lasy<\/span><\/p>\n<div><\/div>\n<\/div>\n<\/td>\n<\/tr>\n<tr>\n<td style=\"width: 60%; border: none;\"><\/td>\n<td style=\"width: 40%; ; border: none;\">\n<p style=\"font-family: Raleway; font-weight: 300;\">Las poch\u0142ania CO<sub>2<\/sub> i produkuje tlen. Neutralizuje zanieczyszczenia. Reguluje stosunki wodne. Wszystko to jest wa\u017cne, dla \u015brodowiska przyrodniczego oraz dla kszta\u0142towania warunk\u00f3w \u017cycia cz\u0142owieka na Ziemi.<\/p>\n<\/td>\n<\/tr>\n<\/tbody>\n<\/table>\n<p>[\/et_pb_slide][et_pb_slide _builder_version=&#8221;4.17.4&#8243; _dynamic_attributes=&#8221;link_option_url&#8221; _module_preset=&#8221;default&#8221; background_enable_color=&#8221;off&#8221; background_image=&#8221;https:\/\/stopzmianomklimatu.org.pl\/wp-content\/uploads\/2022\/06\/slider-1-kopia-1.jpg&#8221; background_enable_image=&#8221;on&#8221; width=&#8221;100%&#8221; max_width=&#8221;100%&#8221; custom_padding=&#8221;20px|20px|20px|20px|true|true&#8221; link_option_url=&#8221;@ET-DC@eyJkeW5hbWljIjp0cnVlLCJjb250ZW50IjoicG9zdF9saW5rX3VybF9wYWdlIiwic2V0dGluZ3MiOnsicG9zdF9pZCI6IjQxMyJ9fQ==@&#8221; global_colors_info=&#8221;{}&#8221; sticky_transition=&#8221;on&#8221;]<\/p>\n<table style=\"border: none; width: 100%;\" border=\"0\">\n<tbody>\n<tr>\n<td style=\"width:50%; ; border: none;\"><\/td>\n<td style=\"width: 50%; ; border: none;\">\n<div style=\"position: relative; width: 30%; margin: 30px auto;\"><img decoding=\"async\" src=\"https:\/\/stopzmianomklimatu.org.pl\/wp-content\/uploads\/2022\/06\/mokradla@33.33x.png\" alt=\"\" class=\"wp-image-41 alignnone size-medium\" style=\"width: 100%; margin: 0 auto;\" \/><\/div>\n<div style=\"border: 2px solid white; padding: 10px 20px; width: auto; margin: 20px auto; text-align: center;\">\n<p><span style=\"font-family: Raleway; font-weight: 900; font-size: 30px; text-transform: uppercase;\">Klimat<\/span><span style=\"font-family: Raleway; font-weight: 500; font-size: 30px; text-transform: uppercase;\"> a mokrad\u0142a<\/span><\/p>\n<div><\/div>\n<\/div>\n<\/td>\n<\/tr>\n<tr>\n<td style=\"width: 55%; ; border: none;\"><\/td>\n<td style=\"width: 45%; ; border: none;\">\n<p style=\"font-family: Raleway; font-weight: 300;\">Mokrad\u0142a to tereny b\u0142ot, bagien i torfowisk lub zbiorniki wodne zar\u00f3wno naturalne jak i sztuczne. W Polsce zajmuj\u0105 obszar ok. 43 tys. km kw., z czego na torfowiska przypada ponad 12 tys..<\/p>\n<\/td>\n<\/tr>\n<\/tbody>\n<\/table>\n<p>[\/et_pb_slide][et_pb_slide button_link=&#8221;@ET-DC@eyJkeW5hbWljIjp0cnVlLCJjb250ZW50IjoicG9zdF9saW5rX3VybF9wYWdlIiwic2V0dGluZ3MiOnsicG9zdF9pZCI6IjMzOCJ9fQ==@&#8221; _builder_version=&#8221;4.17.4&#8243; _dynamic_attributes=&#8221;button_link,link_option_url&#8221; _module_preset=&#8221;default&#8221; background_enable_color=&#8221;off&#8221; background_image=&#8221;https:\/\/stopzmianomklimatu.org.pl\/wp-content\/uploads\/2022\/06\/slider-1-kopia-1.jpg&#8221; background_enable_image=&#8221;on&#8221; width=&#8221;100%&#8221; max_width=&#8221;100%&#8221; custom_padding=&#8221;20px|20px|20px|20px|true|true&#8221; link_option_url=&#8221;@ET-DC@eyJkeW5hbWljIjp0cnVlLCJjb250ZW50IjoicG9zdF9saW5rX3VybF9wYWdlIiwic2V0dGluZ3MiOnsicG9zdF9pZCI6IjMzOCJ9fQ==@&#8221; global_colors_info=&#8221;{}&#8221; sticky_transition=&#8221;on&#8221;]<\/p>\n<table style=\"border: none; width: 100%;\" border=\"0\">\n<tbody>\n<tr>\n<td style=\"width: 55%; border: none;\"><\/td>\n<td style=\"width: 45%; ; border: none;\">\n<div style=\"position: relative; width: 30%; margin: 8px auto;\"><img decoding=\"async\" src=\"https:\/\/stopzmianomklimatu.org.pl\/wp-content\/uploads\/2022\/06\/miasto@33.33x.png\" alt=\"\" class=\"wp-image-41 alignnone size-medium\" style=\"width: 100%; margin: 0 auto;\" \/><\/div>\n<div style=\"border: 2px solid white; padding: 10px 20px; width: auto; margin: 20px auto; text-align: center;\">\n<p><span style=\"font-family: Raleway; font-weight: 900; font-size: 30px; text-transform: uppercase;\">MIASTO<\/span><span style=\"font-family: Raleway; font-weight: 500; font-size: 30px; text-transform: uppercase;\"><br \/>\na KLIMAT<\/span><\/p>\n<div><\/div>\n<\/div>\n<\/td>\n<\/tr>\n<tr>\n<td style=\"width: 55%; ; border: none;\"><\/td>\n<td style=\"width: 45%; ; border: none;\">\n<p style=\"font-family: Raleway; font-weight: 300;\">Miasta cechuje specyficzny klimat i wyst\u0119powanie wy\u017cszych temperatur ni\u017c na terenach niezurbanizowanych. Zmiany klimatu mo\u017cna spowolni\u0107 i wtedy ich skutki dla mieszka\u0144c\u00f3w miast b\u0119d\u0105 mniej odczuwalne.<\/p>\n<\/td>\n<\/tr>\n<\/tbody>\n<\/table>\n<p>[\/et_pb_slide][\/et_pb_slider][et_pb_text disabled_on=&#8221;on|on|off&#8221; _builder_version=&#8221;4.18.0&#8243; _module_preset=&#8221;default&#8221; global_colors_info=&#8221;{}&#8221;]<\/p>\n<table style=\"border: none; width: 100%;\" border=\"0\">\n<tbody>\n<tr>\n<td style=\"width: 50%; border: none; padding: 0; margin: 0; background-color: #f8b34f;\">\n<div style=\"padding-top: 10px; padding-bottom: 10px; display: flex; text-align: center;\"><a href=\"https:\/\/stopzmianomklimatu.org.pl\/index.php\/promocja\/\"><span style=\"padding-left: 10px; font-size: 24px; font-weight: bold; color: #fff;\">PROMOCJA<\/span><\/a><br \/><span style=\"padding-left: 20px; color: #fff;\"> spoty radiowe \u2022 filmy<\/span><\/div>\n<\/td>\n<td style=\"width: 50%; background-color: #f15a24; border: none; text-align: left; padding: 0; margin: 0;\">\n<div style=\"padding-top: 10px; padding-bottom: 10px; display: flex;\"><span style=\"padding-left: 10px; font-size: 24px; font-weight: bold; color: #fff;\"><a href=\"https:\/\/stopzmianomklimatu.org.pl\/index.php\/konkursy\/\" style=\"color: #ffffff;\">KONKURS<\/a> <a href=\"https:\/\/stopzmianomklimatu.org.pl\/index.php\/konkursy\/\" style=\"color: #ffffff;\">INTERNETOWY<\/a><\/span><br \/><span style=\"color: #fff; padding-left: 20px;\"> co miesi\u0105c nagrody!<\/span><\/div>\n<\/td>\n<\/tr>\n<\/tbody>\n<\/table>\n<p>[\/et_pb_text][\/et_pb_column][\/et_pb_row][et_pb_row make_equal=&#8221;on&#8221; disabled_on=&#8221;off|off|on&#8221; _builder_version=&#8221;4.17.4&#8243; _module_preset=&#8221;default&#8221; width_tablet=&#8221;&#8221; width_phone=&#8221;90%&#8221; width_last_edited=&#8221;on|phone&#8221; max_width=&#8221;100%&#8221; custom_margin=&#8221;-8px|auto||auto||&#8221; custom_padding=&#8221;6px||4px|||&#8221; custom_css_main_element=&#8221; display: flex;||  height: 100%;&#8221; global_colors_info=&#8221;{}&#8221;][et_pb_column type=&#8221;4_4&#8243; _builder_version=&#8221;4.17.4&#8243; _module_preset=&#8221;default&#8221; custom_css_main_element=&#8221;display: flex;||||    flex-direction: column;||    justify-content: flex-end;&#8221; global_colors_info=&#8221;{}&#8221;][et_pb_text _builder_version=&#8221;4.17.4&#8243; _dynamic_attributes=&#8221;link_option_url&#8221; _module_preset=&#8221;default&#8221; text_font=&#8221;|700|||||||&#8221; text_text_color=&#8221;#007BB7&#8243; text_font_size=&#8221;24px&#8221; background_color=&#8221;#007BB7&#8243; custom_margin=&#8221;||10px|||&#8221; custom_padding=&#8221;10px|10px|10px|10px|false|false&#8221; link_option_url=&#8221;@ET-DC@eyJkeW5hbWljIjp0cnVlLCJjb250ZW50IjoicG9zdF9saW5rX3VybF9wYWdlIiwic2V0dGluZ3MiOnsicG9zdF9pZCI6IjM5NCJ9fQ==@&#8221; border_width_all=&#8221;1px&#8221; border_color_all=&#8221;RGBA(255,255,255,0)&#8221; global_colors_info=&#8221;{}&#8221;]<\/p>\n<p class=\"p1\" style=\"text-align: center;\"><span style=\"color: #ffffff;\">KLIMAT &#8211; dlaczego to jest wa\u017cne?<\/span><\/p>\n<p>[\/et_pb_text][et_pb_slider use_bg_overlay=&#8221;off&#8221; _builder_version=&#8221;4.17.4&#8243; _module_preset=&#8221;default&#8221; background_color=&#8221;RGBA(255,255,255,0)&#8221; background_enable_image=&#8221;off&#8221; height=&#8221;400px&#8221; height_tablet=&#8221;400px&#8221; height_phone=&#8221;400px&#8221; height_last_edited=&#8221;on|phone&#8221; custom_margin=&#8221;||0px|||&#8221; custom_padding_tablet=&#8221;&#8221; custom_padding_phone=&#8221;||||true|false&#8221; custom_padding_last_edited=&#8221;on|phone&#8221; global_colors_info=&#8221;{}&#8221;][et_pb_slide use_bg_overlay=&#8221;off&#8221; use_text_overlay=&#8221;off&#8221; _builder_version=&#8221;4.17.4&#8243; _dynamic_attributes=&#8221;link_option_url&#8221; _module_preset=&#8221;default&#8221; header_font=&#8221;Raleway|800|||||||&#8221; background_enable_color=&#8221;off&#8221; background_image=&#8221;https:\/\/stopzmianomklimatu.org.pl\/wp-content\/uploads\/2022\/06\/slider-1-kopia-1.jpg&#8221; background_enable_image=&#8221;on&#8221; width=&#8221;100%&#8221; max_width=&#8221;100%&#8221; custom_padding=&#8221;20px|20px|20px|20px|true|true&#8221; custom_padding_tablet=&#8221;20px|20px|20px|20px|true|true&#8221; custom_padding_phone=&#8221;80px|20px|80px|20px|true|true&#8221; custom_padding_last_edited=&#8221;on|phone&#8221; link_option_url=&#8221;@ET-DC@eyJkeW5hbWljIjp0cnVlLCJjb250ZW50IjoicG9zdF9saW5rX3VybF9wYWdlIiwic2V0dGluZ3MiOnsicG9zdF9pZCI6IjM3OSJ9fQ==@&#8221; global_colors_info=&#8221;{}&#8221; sticky_transition=&#8221;on&#8221;]<\/p>\n<h2><span style=\"font-weight: bold;\"><img loading=\"lazy\" decoding=\"async\" src=\"https:\/\/stopzmianomklimatu.org.pl\/wp-content\/uploads\/2022\/07\/path1582.svg\" alt=\"\" class=\"wp-image-257 alignnone size-medium\" width=\"58\" height=\"49\" \/><\/span><\/h2>\n<p><span style=\"font-weight: bold;\"><\/span><\/p>\n<h2><span style=\"font-weight: bold;\">KLIMAT<span style=\"font-weight: 300;\"><br \/>A\u00a0 LASY<\/span><\/span><\/h2>\n<p><span>Las poch\u0142ania CO<sub>2<\/sub> i produkuje tlen. Neutralizuje zanieczyszczenia. Reguluje stosunki wodne. Wszystko to jest wa\u017cne, dla \u015brodowiska przyrodniczego oraz dla kszta\u0142towania warunk\u00f3w \u017cycia cz\u0142owieka na Ziemi.<\/span><\/p>\n<p>[\/et_pb_slide][et_pb_slide use_bg_overlay=&#8221;off&#8221; use_text_overlay=&#8221;off&#8221; _builder_version=&#8221;4.17.4&#8243; _dynamic_attributes=&#8221;link_option_url&#8221; _module_preset=&#8221;default&#8221; header_font=&#8221;Raleway|800|||||||&#8221; background_enable_color=&#8221;off&#8221; background_image=&#8221;https:\/\/stopzmianomklimatu.org.pl\/wp-content\/uploads\/2022\/06\/slider-1-kopia-1.jpg&#8221; background_enable_image=&#8221;on&#8221; width=&#8221;100%&#8221; max_width=&#8221;100%&#8221; custom_padding=&#8221;20px|20px|20px|20px|true|true&#8221; custom_padding_tablet=&#8221;20px|20px|20px|20px|true|true&#8221; custom_padding_phone=&#8221;20px|20px|20px|20px|true|true&#8221; custom_padding_last_edited=&#8221;on|phone&#8221; link_option_url=&#8221;@ET-DC@eyJkeW5hbWljIjp0cnVlLCJjb250ZW50IjoicG9zdF9saW5rX3VybF9wYWdlIiwic2V0dGluZ3MiOnsicG9zdF9pZCI6IjQxMyJ9fQ==@&#8221; global_colors_info=&#8221;{}&#8221; sticky_transition=&#8221;on&#8221;]<\/p>\n<h2><span style=\"font-weight: bold;\"><a href=\"https:\/\/stopzmianomklimatu.org.pl\/wp-content\/uploads\/2022\/07\/Group-4.svg\"><img loading=\"lazy\" decoding=\"async\" src=\"https:\/\/stopzmianomklimatu.org.pl\/wp-content\/uploads\/2022\/07\/Group-4.svg\" alt=\"\" class=\"wp-image-259 alignnone size-medium\" width=\"62\" height=\"54\" \/><\/a><\/span><\/h2>\n<p><span style=\"font-weight: bold;\"><\/span><\/p>\n<h2><span style=\"font-weight: bold;\">KLIMAT<span style=\"font-weight: 300;\"><br \/>A MOKRAD\u0141A<\/span><\/span><\/h2>\n<p><span>Mokrad\u0142a to tereny b\u0142ot, bagien i torfowisk lub zbiorniki wodne zar\u00f3wno naturalne jak i sztuczne. W Polsce zajmuj\u0105 obecnie obszar ok. 43 tys. km kw., z czego na torfowiska przypada ponad 12 tys.<\/span><\/p>\n<p>[\/et_pb_slide][et_pb_slide button_link=&#8221;@ET-DC@eyJkeW5hbWljIjp0cnVlLCJjb250ZW50IjoicG9zdF9saW5rX3VybF9wYWdlIiwic2V0dGluZ3MiOnsicG9zdF9pZCI6IjMzOCJ9fQ==@&#8221; use_bg_overlay=&#8221;off&#8221; use_text_overlay=&#8221;off&#8221; _builder_version=&#8221;4.17.4&#8243; _dynamic_attributes=&#8221;button_link&#8221; _module_preset=&#8221;default&#8221; header_font=&#8221;Raleway|800|||||||&#8221; background_enable_color=&#8221;off&#8221; background_image=&#8221;https:\/\/stopzmianomklimatu.org.pl\/wp-content\/uploads\/2022\/06\/slider-1-kopia-1.jpg&#8221; background_enable_image=&#8221;on&#8221; width=&#8221;100%&#8221; max_width=&#8221;100%&#8221; custom_padding=&#8221;20px|20px|20px|20px|true|true&#8221; custom_padding_tablet=&#8221;20px|20px|20px|20px|true|true&#8221; custom_padding_phone=&#8221;20px|20px|20px|20px|true|true&#8221; custom_padding_last_edited=&#8221;on|phone&#8221; global_colors_info=&#8221;{}&#8221; sticky_transition=&#8221;on&#8221;]<\/p>\n<h2><span style=\"font-weight: bold;\"><a href=\"https:\/\/stopzmianomklimatu.org.pl\/wp-content\/uploads\/2022\/07\/Group-4.svg\"><\/a><a href=\"https:\/\/stopzmianomklimatu.org.pl\/wp-content\/uploads\/2022\/07\/Group-5.svg\"><img loading=\"lazy\" decoding=\"async\" src=\"https:\/\/stopzmianomklimatu.org.pl\/wp-content\/uploads\/2022\/07\/Group-5.svg\" alt=\"\" class=\"wp-image-260 alignnone size-medium\" width=\"59\" height=\"53\" \/><\/a><a href=\"https:\/\/stopzmianomklimatu.org.pl\/wp-content\/uploads\/2022\/07\/Group-4.svg\"><\/a><\/span><\/h2>\n<p><span style=\"font-weight: bold;\"><\/span><\/p>\n<h2><span style=\"font-weight: bold;\">KLIMAT<span style=\"font-weight: 300;\"><br \/>A MIASTO<\/span><\/span><\/h2>\n<p><span>Miasta cechuje specyficzny klimat i wyst\u0119powanie wy\u017cszych temperatur ni\u017c na terenach niezurbanizowanych. Zmiany klimatu mo\u017cna spowolni\u0107 i wtedy ich skutki dla mieszka\u0144c\u00f3w miast b\u0119d\u0105 mniej odczuwalne.<\/span><\/p>\n<p>[\/et_pb_slide][\/et_pb_slider][et_pb_text disabled_on=&#8221;off|off|on&#8221; _builder_version=&#8221;4.18.0&#8243; _module_preset=&#8221;default&#8221; text_font=&#8221;Raleway||||||||&#8221; text_text_color=&#8221;#FFFFFF&#8221; header_2_font=&#8221;|700|||||||&#8221; header_2_text_color=&#8221;#FFFFFF&#8221; background_color=&#8221;#f9b450&#8243; custom_margin=&#8221;||0px||false|false&#8221; custom_padding=&#8221;20px||20px||true|false&#8221; global_colors_info=&#8221;{}&#8221;]<\/p>\n<h2 style=\"text-align: center;\"><a href=\"https:\/\/stopzmianomklimatu.org.pl\/index.php\/promocja\/\">PROMOCJA<\/a><\/h2>\n<p style=\"text-align: center;\">sporty radiowe<br \/>filmy<\/p>\n<p>[\/et_pb_text][et_pb_text disabled_on=&#8221;off|off|on&#8221; _builder_version=&#8221;4.17.4&#8243; _module_preset=&#8221;default&#8221; text_font=&#8221;Raleway||||||||&#8221; text_text_color=&#8221;#FFFFFF&#8221; header_2_font=&#8221;|700|||||||&#8221; header_2_text_color=&#8221;#FFFFFF&#8221; background_color=&#8221;#fb502c&#8221; custom_padding=&#8221;20px||20px||true|false&#8221; global_colors_info=&#8221;{}&#8221;]<\/p>\n<h2 style=\"text-align: center;\">KONKURS <br \/>INTERNETOWY<\/h2>\n<p style=\"text-align: center;\">co miesi\u0105c nagrody!<\/p>\n<p>[\/et_pb_text][et_pb_image src=&#8221;https:\/\/stopzmianomklimatu.org.pl\/wp-content\/uploads\/2022\/06\/Zrzut-ekranu-2022-06-22-o-22.15.30.png&#8221; title_text=&#8221;Zrzut ekranu 2022-06-22 o 22.15.30&#8243; _builder_version=&#8221;4.18.0&#8243; _module_preset=&#8221;default&#8221; global_colors_info=&#8221;{}&#8221;][\/et_pb_image][et_pb_image src=&#8221;https:\/\/stopzmianomklimatu.org.pl\/wp-content\/uploads\/2022\/06\/Zrzut-ekranu-2022-06-9-o-02.21.01.png&#8221; title_text=&#8221;Zrzut ekranu 2022-06-9 o 02.21.01&#8243; url=&#8221;@ET-DC@eyJkeW5hbWljIjp0cnVlLCJjb250ZW50IjoicG9zdF9saW5rX3VybF9wYWdlIiwic2V0dGluZ3MiOnsicG9zdF9pZCI6IjM3OSJ9fQ==@&#8221; _builder_version=&#8221;4.17.4&#8243; _dynamic_attributes=&#8221;url&#8221; _module_preset=&#8221;default&#8221; custom_margin=&#8221;0px||0px||true|false&#8221; custom_padding=&#8221;0px||0px||true|false&#8221; custom_css_main_element=&#8221;display: inline-block;||  align-self: flex-end;||cursor: pointer;&#8221; global_colors_info=&#8221;{}&#8221;][\/et_pb_image][et_pb_image src=&#8221;https:\/\/stopzmianomklimatu.org.pl\/wp-content\/uploads\/2022\/06\/Zrzut-ekranu-2022-06-9-o-02.21.13.png&#8221; title_text=&#8221;Zrzut ekranu 2022-06-9 o 02.21.13&#8243; url=&#8221;@ET-DC@eyJkeW5hbWljIjp0cnVlLCJjb250ZW50IjoicG9zdF9saW5rX3VybF9wYWdlIiwic2V0dGluZ3MiOnsicG9zdF9pZCI6IjQxMyJ9fQ==@&#8221; _builder_version=&#8221;4.17.4&#8243; _dynamic_attributes=&#8221;url&#8221; _module_preset=&#8221;default&#8221; custom_margin=&#8221;2px||0px||false|false&#8221; custom_css_main_element=&#8221;display: inline-block;||  align-self: flex-end;||cursor: pointer;&#8221; global_colors_info=&#8221;{}&#8221;][\/et_pb_image][et_pb_image src=&#8221;https:\/\/stopzmianomklimatu.org.pl\/wp-content\/uploads\/2022\/06\/Zrzut-ekranu-2022-06-9-o-02.21.20.png&#8221; title_text=&#8221;Zrzut ekranu 2022-06-9 o 02.21.20&#8243; url=&#8221;@ET-DC@eyJkeW5hbWljIjp0cnVlLCJjb250ZW50IjoicG9zdF9saW5rX3VybF9wYWdlIiwic2V0dGluZ3MiOnsicG9zdF9pZCI6IjMzOCJ9fQ==@&#8221; _builder_version=&#8221;4.17.4&#8243; _dynamic_attributes=&#8221;url&#8221; _module_preset=&#8221;default&#8221; custom_css_main_element=&#8221;display: inline-block;||  align-self: flex-end;||cursor: pointer;&#8221; global_colors_info=&#8221;{}&#8221;][\/et_pb_image][et_pb_text disabled_on=&#8221;on|on|off&#8221; _builder_version=&#8221;4.17.4&#8243; _module_preset=&#8221;default&#8221; global_colors_info=&#8221;{}&#8221;]<\/p>\n<table border=\"0\" style=\"border: none; width: 100%;\">\n<tbody>\n<tr>\n<td style=\"width: 50%; border: none; padding: 0; margin: 0; background-color: #f8b34f;\">\n<div style=\"padding-top: 10px; padding-bottom: 10px; display: flex;\"><span style=\"padding-left: 10px; font-size: 24px; font-weight: bold; color: #fff;\">PROMOCJA<\/span><br \/><span style=\"padding-left: 20px; color: #fff;\"> spoty radiowe \u2022 filmy<\/span><\/div>\n<\/td>\n<td style=\"width: 50%; background-color: #f15a24; border: none; text-align: left; padding: 0; margin: 0;\">\n<div style=\"padding-top: 10px; padding-bottom: 10px; display: flex;\"><span style=\"padding-left: 10px; font-size: 24px; font-weight: bold; color: #fff;\">KONKURS INTERNETOWY<\/span><br \/><span style=\"color: #fff; padding-left: 20px;\"> co miesi\u0105c nagrody<\/span><\/div>\n<\/td>\n<\/tr>\n<\/tbody>\n<\/table>\n<p>[\/et_pb_text][\/et_pb_column][\/et_pb_row][\/et_pb_section][et_pb_section fb_built=&#8221;1&#8243; _builder_version=&#8221;4.17.4&#8243; _module_preset=&#8221;default&#8221; global_colors_info=&#8221;{}&#8221;][et_pb_row _builder_version=&#8221;4.17.4&#8243; _module_preset=&#8221;default&#8221; global_colors_info=&#8221;{}&#8221;][et_pb_column type=&#8221;4_4&#8243; _builder_version=&#8221;4.17.4&#8243; _module_preset=&#8221;default&#8221; global_colors_info=&#8221;{}&#8221;][dsm_facebook_feed fb_page_url=&#8221;https:\/\/www.facebook.com\/Stop-zmianom-klimatu-100681419208042&#8243; fb_small_header=&#8221;true&#8221; fb_width=&#8221;399px&#8221; _builder_version=&#8221;4.17.4&#8243; _module_preset=&#8221;default&#8221; global_colors_info=&#8221;{}&#8221;][\/dsm_facebook_feed][\/et_pb_column][\/et_pb_row][\/et_pb_section]<\/p>\n","protected":false},"excerpt":{"rendered":"<p>KLIMAT &#8211; dlaczego to jest wa\u017cne? Klimat a lasy Las poch\u0142ania CO2 i produkuje tlen. Neutralizuje zanieczyszczenia. Reguluje stosunki wodne. Wszystko to jest wa\u017cne, dla \u015brodowiska przyrodniczego oraz dla kszta\u0142towania warunk\u00f3w \u017cycia cz\u0142owieka na Ziemi. Klimat a mokrad\u0142a Mokrad\u0142a to tereny b\u0142ot, bagien i torfowisk lub zbiorniki wodne zar\u00f3wno naturalne jak i sztuczne. W Polsce [&hellip;]<\/p>\n","protected":false},"author":1,"featured_media":0,"parent":0,"menu_order":0,"comment_status":"closed","ping_status":"closed","template":"","meta":{"_et_pb_use_builder":"on","_et_pb_old_content":"","_et_gb_content_width":"","inline_featured_image":false,"footnotes":""},"class_list":["post-8","page","type-page","status-publish","hentry"],"_links":{"self":[{"href":"https:\/\/stopzmianomklimatu.org.pl\/index.php\/wp-json\/wp\/v2\/pages\/8","targetHints":{"allow":["GET"]}}],"collection":[{"href":"https:\/\/stopzmianomklimatu.org.pl\/index.php\/wp-json\/wp\/v2\/pages"}],"about":[{"href":"https:\/\/stopzmianomklimatu.org.pl\/index.php\/wp-json\/wp\/v2\/types\/page"}],"author":[{"embeddable":true,"href":"https:\/\/stopzmianomklimatu.org.pl\/index.php\/wp-json\/wp\/v2\/users\/1"}],"replies":[{"embeddable":true,"href":"https:\/\/stopzmianomklimatu.org.pl\/index.php\/wp-json\/wp\/v2\/comments?post=8"}],"version-history":[{"count":74,"href":"https:\/\/stopzmianomklimatu.org.pl\/index.php\/wp-json\/wp\/v2\/pages\/8\/revisions"}],"predecessor-version":[{"id":973,"href":"https:\/\/stopzmianomklimatu.org.pl\/index.php\/wp-json\/wp\/v2\/pages\/8\/revisions\/973"}],"wp:attachment":[{"href":"https:\/\/stopzmianomklimatu.org.pl\/index.php\/wp-json\/wp\/v2\/media?parent=8"}],"curies":[{"name":"wp","href":"https:\/\/api.w.org\/{rel}","templated":true}]}}