{"id":927,"date":"2023-10-17T17:07:48","date_gmt":"2023-10-17T15:07:48","guid":{"rendered":"https:\/\/stopzmianomklimatu.org.pl\/?page_id=927"},"modified":"2023-10-23T09:08:48","modified_gmt":"2023-10-23T07:08:48","slug":"ankiety","status":"publish","type":"page","link":"https:\/\/stopzmianomklimatu.org.pl\/index.php\/ankiety\/","title":{"rendered":"Ankiety"},"content":{"rendered":"<p>[et_pb_section fb_built=&#8221;1&#8243; _builder_version=&#8221;4.17.4&#8243; _module_preset=&#8221;default&#8221; custom_padding=&#8221;9px|||||&#8221; global_colors_info=&#8221;{}&#8221;][et_pb_row column_structure=&#8221;1_4,3_4&#8243; _builder_version=&#8221;4.17.4&#8243; _module_preset=&#8221;default&#8221; global_colors_info=&#8221;{}&#8221;][et_pb_column type=&#8221;1_4&#8243; _builder_version=&#8221;4.17.4&#8243; _module_preset=&#8221;default&#8221; global_colors_info=&#8221;{}&#8221;][et_pb_image src=&#8221;https:\/\/stopzmianomklimatu.org.pl\/wp-content\/uploads\/2022\/09\/ikonka_webinary.png&#8221; title_text=&#8221;ikonka_webinary&#8221; _builder_version=&#8221;4.17.4&#8243; _module_preset=&#8221;default&#8221; global_colors_info=&#8221;{}&#8221;][\/et_pb_image][\/et_pb_column][et_pb_column type=&#8221;3_4&#8243; _builder_version=&#8221;4.17.4&#8243; _module_preset=&#8221;default&#8221; global_colors_info=&#8221;{}&#8221;][et_pb_text _builder_version=&#8221;4.21.0&#8243; _module_preset=&#8221;default&#8221; global_colors_info=&#8221;{}&#8221;]<\/p>\n<h1><span style=\"color: #007bb7;\">Ankieta dot. \u015bwiadomo\u015bci ekologicznej w zakresie wiedzy o klimacie, zmianach klimatu i us\u0142ugach ekosystemowych<\/span><\/h1>\n<p>Prosimy Nauczycieli o wype\u0142nienie ankiety przed uczestnictwem w warsztatach &#8222;Ucz\u0119 si\u0119 jak dba\u0107 o klimat&#8221; w Szkole Le\u015bnej na Barbarce.<\/p>\n<p>Klasy I-IV szko\u0142y podstawowej: <a href=\"https:\/\/forms.gle\/kYJpbiRnKEkacEzw5\">Link do ankiety<\/a><br \/>Klasy V-VIII szko\u0142y podstawowej: <a href=\"https:\/\/forms.gle\/oS5Xs8cMaEhQ76L67\">Link do ankiety.<\/a><br \/>Klasy szk\u00f3\u0142 ponadpodstawowych: <a href=\"https:\/\/forms.gle\/2v2kWjSkfyayiUQZA\">Link do ankiety.<\/a><\/p>\n<p><span style=\"color: #007bb7;\"><\/span><\/p>\n<p>[\/et_pb_text][\/et_pb_column][\/et_pb_row][\/et_pb_section]<\/p>\n","protected":false},"excerpt":{"rendered":"<p>Ankieta dot. \u015bwiadomo\u015bci ekologicznej w zakresie wiedzy o klimacie, zmianach klimatu i us\u0142ugach ekosystemowych Prosimy Nauczycieli o wype\u0142nienie ankiety przed uczestnictwem w warsztatach &#8222;Ucz\u0119 si\u0119 jak dba\u0107 o klimat&#8221; w Szkole Le\u015bnej na Barbarce. Klasy I-IV szko\u0142y podstawowej: Link do ankietyKlasy V-VIII szko\u0142y podstawowej: Link do ankiety.Klasy szk\u00f3\u0142 ponadpodstawowych: Link do ankiety.<\/p>\n","protected":false},"author":3,"featured_media":0,"parent":0,"menu_order":0,"comment_status":"closed","ping_status":"closed","template":"","meta":{"_et_pb_use_builder":"on","_et_pb_old_content":"","_et_gb_content_width":"","inline_featured_image":false,"footnotes":""},"class_list":["post-927","page","type-page","status-publish","hentry"],"_links":{"self":[{"href":"https:\/\/stopzmianomklimatu.org.pl\/index.php\/wp-json\/wp\/v2\/pages\/927","targetHints":{"allow":["GET"]}}],"collection":[{"href":"https:\/\/stopzmianomklimatu.org.pl\/index.php\/wp-json\/wp\/v2\/pages"}],"about":[{"href":"https:\/\/stopzmianomklimatu.org.pl\/index.php\/wp-json\/wp\/v2\/types\/page"}],"author":[{"embeddable":true,"href":"https:\/\/stopzmianomklimatu.org.pl\/index.php\/wp-json\/wp\/v2\/users\/3"}],"replies":[{"embeddable":true,"href":"https:\/\/stopzmianomklimatu.org.pl\/index.php\/wp-json\/wp\/v2\/comments?post=927"}],"version-history":[{"count":4,"href":"https:\/\/stopzmianomklimatu.org.pl\/index.php\/wp-json\/wp\/v2\/pages\/927\/revisions"}],"predecessor-version":[{"id":934,"href":"https:\/\/stopzmianomklimatu.org.pl\/index.php\/wp-json\/wp\/v2\/pages\/927\/revisions\/934"}],"wp:attachment":[{"href":"https:\/\/stopzmianomklimatu.org.pl\/index.php\/wp-json\/wp\/v2\/media?parent=927"}],"curies":[{"name":"wp","href":"https:\/\/api.w.org\/{rel}","templated":true}]}}